{"id":28375,"date":"2026-02-21T17:49:19","date_gmt":"2026-02-21T16:49:19","guid":{"rendered":"https:\/\/perseus.de\/guide\/"},"modified":"2026-04-02T17:12:58","modified_gmt":"2026-04-02T15:12:58","slug":"guides","status":"publish","type":"page","link":"https:\/\/perseus.de\/fr\/guides\/","title":{"rendered":"Guides"},"content":{"rendered":"\t\t<div data-elementor-type=\"wp-page\" data-elementor-id=\"28375\" class=\"elementor elementor-28375 elementor-25467\" data-elementor-post-type=\"page\">\n\t\t\t\t<div class=\"elementor-element elementor-element-ec52a39 e-flex e-con-boxed e-con e-parent\" data-id=\"ec52a39\" data-element_type=\"container\" data-e-type=\"container\" data-settings=\"{&quot;background_background&quot;:&quot;gradient&quot;}\">\n\t\t\t\t\t<div class=\"e-con-inner\">\n\t\t<div class=\"elementor-element elementor-element-d66c3e4 e-con-full e-flex e-con e-child\" data-id=\"d66c3e4\" data-element_type=\"container\" data-e-type=\"container\">\n\t\t\t\t<div class=\"elementor-element elementor-element-417aed6 elementor-widget elementor-widget-heading\" data-id=\"417aed6\" data-element_type=\"widget\" data-e-type=\"widget\" data-widget_type=\"heading.default\">\n\t\t\t\t<div class=\"elementor-widget-container\">\n\t\t\t\t\t<p class=\"elementor-heading-title elementor-size-default\">Faits int\u00e9ressants sur la cybers\u00e9curit\u00e9, la protection des donn\u00e9es et bien plus encore<\/p>\t\t\t\t<\/div>\n\t\t\t\t<\/div>\n\t\t\t\t<div class=\"elementor-element elementor-element-c0dcf94 elementor-widget elementor-widget-heading\" data-id=\"c0dcf94\" data-element_type=\"widget\" data-e-type=\"widget\" data-widget_type=\"heading.default\">\n\t\t\t\t<div class=\"elementor-widget-container\">\n\t\t\t\t\t<h1 class=\"elementor-heading-title elementor-size-default\">Guides<\/h1>\t\t\t\t<\/div>\n\t\t\t\t<\/div>\n\t\t\t\t<div class=\"elementor-element elementor-element-5c5ea04 elementor-widget elementor-widget-text-editor\" data-id=\"5c5ea04\" data-element_type=\"widget\" data-e-type=\"widget\" data-widget_type=\"text-editor.default\">\n\t\t\t\t<div class=\"elementor-widget-container\">\n\t\t\t\t\t\t\t\t\t<p data-start=\"1543\" data-end=\"1852\">Nos <strong data-start=\"1547\" data-end=\"1587\">guides de cybers\u00e9curit\u00e9 pour les PME<\/strong> proposent des conseils pratiques, des instructions claires et des <strong data-start=\"1654\" data-end=\"1741\">tutoriels \u00e9tape par \u00e9tape sur la s\u00e9curit\u00e9 informatique et la protection des donn\u00e9es<\/strong>. Nous vous aidons \u00e0 identifier les risques courants, \u00e9viter les failles et prot\u00e9ger efficacement vos syst\u00e8mes.<\/p><p data-start=\"1854\" data-end=\"2010\">Des mesures simples aux strat\u00e9gies plus avanc\u00e9es, vous trouverez des <strong data-start=\"1923\" data-end=\"1952\">recommandations concr\u00e8tes<\/strong> adapt\u00e9es aux besoins des petites et moyennes entreprises.<\/p>\t\t\t\t\t\t\t\t<\/div>\n\t\t\t\t<\/div>\n\t\t\t\t<\/div>\n\t\t<div class=\"elementor-element elementor-element-7c46bcb e-con-full e-flex e-con e-child\" data-id=\"7c46bcb\" data-element_type=\"container\" data-e-type=\"container\">\n\t\t\t\t<div class=\"elementor-element elementor-element-26c4f1e elementor-widget elementor-widget-image\" data-id=\"26c4f1e\" data-element_type=\"widget\" data-e-type=\"widget\" data-widget_type=\"image.default\">\n\t\t\t\t<div class=\"elementor-widget-container\">\n\t\t\t\t\t\t\t\t\t\t\t\t\t\t\t<img fetchpriority=\"high\" decoding=\"async\" width=\"800\" height=\"799\" src=\"https:\/\/perseus.de\/wp-content\/uploads\/2025\/07\/Active-Dircetory-Check-Bild-Kachel.png\" class=\"attachment-large size-large wp-image-28374\" alt=\"Une v\u00e9rification Active Directory est effectu\u00e9e sur un ordinateur afin d&#039;identifier les failles de s\u00e9curit\u00e9 et les droits d&#039;acc\u00e8s incorrects au sein de l&#039;infrastructure informatique.\" srcset=\"https:\/\/perseus.de\/wp-content\/uploads\/2025\/07\/Active-Dircetory-Check-Bild-Kachel.png 841w, https:\/\/perseus.de\/wp-content\/uploads\/2025\/07\/Active-Dircetory-Check-Bild-Kachel-300x300.png 300w, https:\/\/perseus.de\/wp-content\/uploads\/2025\/07\/Active-Dircetory-Check-Bild-Kachel-150x150.png 150w, https:\/\/perseus.de\/wp-content\/uploads\/2025\/07\/Active-Dircetory-Check-Bild-Kachel-768x767.png 768w\" sizes=\"(max-width: 800px) 100vw, 800px\" \/>\t\t\t\t\t\t\t\t\t\t\t\t\t\t\t<\/div>\n\t\t\t\t<\/div>\n\t\t\t\t<\/div>\n\t\t\t\t\t<\/div>\n\t\t\t\t<\/div>\n\t\t<div class=\"elementor-element elementor-element-0aaa61c e-flex e-con-boxed e-con e-parent\" data-id=\"0aaa61c\" data-element_type=\"container\" data-e-type=\"container\">\n\t\t\t\t\t<div class=\"e-con-inner\">\n\t\t\t\t\t<\/div>\n\t\t\t\t<\/div>\n\t\t<div class=\"elementor-element elementor-element-f65ed90 e-flex e-con-boxed e-con e-parent\" data-id=\"f65ed90\" data-element_type=\"container\" data-e-type=\"container\">\n\t\t\t\t\t<div class=\"e-con-inner\">\n\t\t\t\t<div class=\"elementor-element elementor-element-4ea969f elementor-widget-divider--view-line elementor-widget elementor-widget-divider\" data-id=\"4ea969f\" data-element_type=\"widget\" data-e-type=\"widget\" data-widget_type=\"divider.default\">\n\t\t\t\t<div class=\"elementor-widget-container\">\n\t\t\t\t\t\t\t<div class=\"elementor-divider\">\n\t\t\t<span class=\"elementor-divider-separator\">\n\t\t\t\t\t\t<\/span>\n\t\t<\/div>\n\t\t\t\t\t\t<\/div>\n\t\t\t\t<\/div>\n\t\t\t\t\t<\/div>\n\t\t\t\t<\/div>\n\t\t\t\t<\/div>\n\t\t","protected":false},"excerpt":{"rendered":"<p>Faits int\u00e9ressants sur la cybers\u00e9curit\u00e9, la protection des donn\u00e9es et bien plus encore Guides Nos guides de cybers\u00e9curit\u00e9 pour les PME proposent des conseils pratiques, des instructions claires et des tutoriels \u00e9tape par \u00e9tape sur la s\u00e9curit\u00e9 informatique et la protection des donn\u00e9es. Nous vous aidons \u00e0 identifier les risques courants, \u00e9viter les failles et [&hellip;]<\/p>\n","protected":false},"author":6,"featured_media":0,"parent":0,"menu_order":0,"comment_status":"closed","ping_status":"closed","template":"","meta":{"_acf_changed":false,"footnotes":""},"class_list":["post-28375","page","type-page","status-publish","hentry"],"acf":[],"yoast_head":"<!-- This site is optimized with the Yoast SEO plugin v27.4 - https:\/\/yoast.com\/product\/yoast-seo-wordpress\/ -->\n<title>Connaissances en cybers\u00e9curit\u00e9 \u2013 compactes, compr\u00e9hensibles, \u00e0 jour<\/title>\n<meta name=\"description\" content=\"D\u00e9couvrez les derni\u00e8res connaissances en cybers\u00e9curit\u00e9 pour les PME \u2013 conseils, exemples de dommages et informations de contexte en un coup d\u2019\u0153il.\" \/>\n<meta name=\"robots\" content=\"index, follow, max-snippet:-1, max-image-preview:large, max-video-preview:-1\" \/>\n<link rel=\"canonical\" href=\"https:\/\/perseus.de\/fr\/guides\/\" \/>\n<meta property=\"og:locale\" content=\"fr_FR\" \/>\n<meta property=\"og:type\" content=\"article\" \/>\n<meta property=\"og:title\" content=\"Connaissances en cybers\u00e9curit\u00e9 \u2013 compactes, compr\u00e9hensibles, \u00e0 jour\" \/>\n<meta property=\"og:description\" content=\"D\u00e9couvrez les derni\u00e8res connaissances en cybers\u00e9curit\u00e9 pour les PME \u2013 conseils, exemples de dommages et informations de contexte en un coup d\u2019\u0153il.\" \/>\n<meta property=\"og:url\" content=\"https:\/\/perseus.de\/fr\/guides\/\" \/>\n<meta property=\"og:site_name\" content=\"Perseus Technologies\" \/>\n<meta property=\"article:modified_time\" content=\"2026-04-02T15:12:58+00:00\" \/>\n<meta property=\"og:image\" content=\"https:\/\/perseus.de\/wp-content\/uploads\/2025\/07\/Active-Dircetory-Check-Bild-Kachel.png\" \/>\n<meta name=\"twitter:card\" content=\"summary_large_image\" \/>\n<meta name=\"twitter:label1\" content=\"Dur\u00e9e de lecture estim\u00e9e\" \/>\n\t<meta name=\"twitter:data1\" content=\"1 minute\" \/>\n<script type=\"application\/ld+json\" class=\"yoast-schema-graph\">{\"@context\":\"https:\\\/\\\/schema.org\",\"@graph\":[{\"@type\":\"WebPage\",\"@id\":\"https:\\\/\\\/perseus.de\\\/fr\\\/guides\\\/\",\"url\":\"https:\\\/\\\/perseus.de\\\/fr\\\/guides\\\/\",\"name\":\"Connaissances en cybers\u00e9curit\u00e9 \u2013 compactes, compr\u00e9hensibles, \u00e0 jour\",\"isPartOf\":{\"@id\":\"https:\\\/\\\/perseus.de\\\/#website\"},\"primaryImageOfPage\":{\"@id\":\"https:\\\/\\\/perseus.de\\\/fr\\\/guides\\\/#primaryimage\"},\"image\":{\"@id\":\"https:\\\/\\\/perseus.de\\\/fr\\\/guides\\\/#primaryimage\"},\"thumbnailUrl\":\"https:\\\/\\\/perseus.de\\\/wp-content\\\/uploads\\\/2025\\\/07\\\/Active-Dircetory-Check-Bild-Kachel.png\",\"datePublished\":\"2026-02-21T16:49:19+00:00\",\"dateModified\":\"2026-04-02T15:12:58+00:00\",\"description\":\"D\u00e9couvrez les derni\u00e8res connaissances en cybers\u00e9curit\u00e9 pour les PME \u2013 conseils, exemples de dommages et informations de contexte en un coup d\u2019\u0153il.\",\"breadcrumb\":{\"@id\":\"https:\\\/\\\/perseus.de\\\/fr\\\/guides\\\/#breadcrumb\"},\"inLanguage\":\"fr-FR\",\"potentialAction\":[{\"@type\":\"ReadAction\",\"target\":[\"https:\\\/\\\/perseus.de\\\/fr\\\/guides\\\/\"]}]},{\"@type\":\"ImageObject\",\"inLanguage\":\"fr-FR\",\"@id\":\"https:\\\/\\\/perseus.de\\\/fr\\\/guides\\\/#primaryimage\",\"url\":\"https:\\\/\\\/perseus.de\\\/wp-content\\\/uploads\\\/2025\\\/07\\\/Active-Dircetory-Check-Bild-Kachel.png\",\"contentUrl\":\"https:\\\/\\\/perseus.de\\\/wp-content\\\/uploads\\\/2025\\\/07\\\/Active-Dircetory-Check-Bild-Kachel.png\"},{\"@type\":\"BreadcrumbList\",\"@id\":\"https:\\\/\\\/perseus.de\\\/fr\\\/guides\\\/#breadcrumb\",\"itemListElement\":[{\"@type\":\"ListItem\",\"position\":1,\"name\":\"Home\",\"item\":\"https:\\\/\\\/perseus.de\\\/\"},{\"@type\":\"ListItem\",\"position\":2,\"name\":\"Guides\"}]},{\"@type\":\"WebSite\",\"@id\":\"https:\\\/\\\/perseus.de\\\/#website\",\"url\":\"https:\\\/\\\/perseus.de\\\/\",\"name\":\"perseus-web.de\",\"description\":\"\",\"publisher\":{\"@id\":\"https:\\\/\\\/perseus.de\\\/#organization\"},\"potentialAction\":[{\"@type\":\"SearchAction\",\"target\":{\"@type\":\"EntryPoint\",\"urlTemplate\":\"https:\\\/\\\/perseus.de\\\/?s={search_term_string}\"},\"query-input\":{\"@type\":\"PropertyValueSpecification\",\"valueRequired\":true,\"valueName\":\"search_term_string\"}}],\"inLanguage\":\"fr-FR\"},{\"@type\":\"Organization\",\"@id\":\"https:\\\/\\\/perseus.de\\\/#organization\",\"name\":\"perseus-web.de\",\"url\":\"https:\\\/\\\/perseus.de\\\/\",\"logo\":{\"@type\":\"ImageObject\",\"inLanguage\":\"fr-FR\",\"@id\":\"https:\\\/\\\/perseus.de\\\/#\\\/schema\\\/logo\\\/image\\\/\",\"url\":\"https:\\\/\\\/perseus.de\\\/wp-content\\\/uploads\\\/2025\\\/03\\\/PerseusTechnologie_Color-2.png\",\"contentUrl\":\"https:\\\/\\\/perseus.de\\\/wp-content\\\/uploads\\\/2025\\\/03\\\/PerseusTechnologie_Color-2.png\",\"width\":536,\"height\":172,\"caption\":\"perseus-web.de\"},\"image\":{\"@id\":\"https:\\\/\\\/perseus.de\\\/#\\\/schema\\\/logo\\\/image\\\/\"}}]}<\/script>\n<!-- \/ Yoast SEO plugin. -->","yoast_head_json":{"title":"Connaissances en cybers\u00e9curit\u00e9 \u2013 compactes, compr\u00e9hensibles, \u00e0 jour","description":"D\u00e9couvrez les derni\u00e8res connaissances en cybers\u00e9curit\u00e9 pour les PME \u2013 conseils, exemples de dommages et informations de contexte en un coup d\u2019\u0153il.","robots":{"index":"index","follow":"follow","max-snippet":"max-snippet:-1","max-image-preview":"max-image-preview:large","max-video-preview":"max-video-preview:-1"},"canonical":"https:\/\/perseus.de\/fr\/guides\/","og_locale":"fr_FR","og_type":"article","og_title":"Connaissances en cybers\u00e9curit\u00e9 \u2013 compactes, compr\u00e9hensibles, \u00e0 jour","og_description":"D\u00e9couvrez les derni\u00e8res connaissances en cybers\u00e9curit\u00e9 pour les PME \u2013 conseils, exemples de dommages et informations de contexte en un coup d\u2019\u0153il.","og_url":"https:\/\/perseus.de\/fr\/guides\/","og_site_name":"Perseus Technologies","article_modified_time":"2026-04-02T15:12:58+00:00","og_image":[{"url":"https:\/\/perseus.de\/wp-content\/uploads\/2025\/07\/Active-Dircetory-Check-Bild-Kachel.png","type":"","width":"","height":""}],"twitter_card":"summary_large_image","twitter_misc":{"Dur\u00e9e de lecture estim\u00e9e":"1 minute"},"schema":{"@context":"https:\/\/schema.org","@graph":[{"@type":"WebPage","@id":"https:\/\/perseus.de\/fr\/guides\/","url":"https:\/\/perseus.de\/fr\/guides\/","name":"Connaissances en cybers\u00e9curit\u00e9 \u2013 compactes, compr\u00e9hensibles, \u00e0 jour","isPartOf":{"@id":"https:\/\/perseus.de\/#website"},"primaryImageOfPage":{"@id":"https:\/\/perseus.de\/fr\/guides\/#primaryimage"},"image":{"@id":"https:\/\/perseus.de\/fr\/guides\/#primaryimage"},"thumbnailUrl":"https:\/\/perseus.de\/wp-content\/uploads\/2025\/07\/Active-Dircetory-Check-Bild-Kachel.png","datePublished":"2026-02-21T16:49:19+00:00","dateModified":"2026-04-02T15:12:58+00:00","description":"D\u00e9couvrez les derni\u00e8res connaissances en cybers\u00e9curit\u00e9 pour les PME \u2013 conseils, exemples de dommages et informations de contexte en un coup d\u2019\u0153il.","breadcrumb":{"@id":"https:\/\/perseus.de\/fr\/guides\/#breadcrumb"},"inLanguage":"fr-FR","potentialAction":[{"@type":"ReadAction","target":["https:\/\/perseus.de\/fr\/guides\/"]}]},{"@type":"ImageObject","inLanguage":"fr-FR","@id":"https:\/\/perseus.de\/fr\/guides\/#primaryimage","url":"https:\/\/perseus.de\/wp-content\/uploads\/2025\/07\/Active-Dircetory-Check-Bild-Kachel.png","contentUrl":"https:\/\/perseus.de\/wp-content\/uploads\/2025\/07\/Active-Dircetory-Check-Bild-Kachel.png"},{"@type":"BreadcrumbList","@id":"https:\/\/perseus.de\/fr\/guides\/#breadcrumb","itemListElement":[{"@type":"ListItem","position":1,"name":"Home","item":"https:\/\/perseus.de\/"},{"@type":"ListItem","position":2,"name":"Guides"}]},{"@type":"WebSite","@id":"https:\/\/perseus.de\/#website","url":"https:\/\/perseus.de\/","name":"perseus-web.de","description":"","publisher":{"@id":"https:\/\/perseus.de\/#organization"},"potentialAction":[{"@type":"SearchAction","target":{"@type":"EntryPoint","urlTemplate":"https:\/\/perseus.de\/?s={search_term_string}"},"query-input":{"@type":"PropertyValueSpecification","valueRequired":true,"valueName":"search_term_string"}}],"inLanguage":"fr-FR"},{"@type":"Organization","@id":"https:\/\/perseus.de\/#organization","name":"perseus-web.de","url":"https:\/\/perseus.de\/","logo":{"@type":"ImageObject","inLanguage":"fr-FR","@id":"https:\/\/perseus.de\/#\/schema\/logo\/image\/","url":"https:\/\/perseus.de\/wp-content\/uploads\/2025\/03\/PerseusTechnologie_Color-2.png","contentUrl":"https:\/\/perseus.de\/wp-content\/uploads\/2025\/03\/PerseusTechnologie_Color-2.png","width":536,"height":172,"caption":"perseus-web.de"},"image":{"@id":"https:\/\/perseus.de\/#\/schema\/logo\/image\/"}}]}},"_links":{"self":[{"href":"https:\/\/perseus.de\/fr\/wp-json\/wp\/v2\/pages\/28375","targetHints":{"allow":["GET"]}}],"collection":[{"href":"https:\/\/perseus.de\/fr\/wp-json\/wp\/v2\/pages"}],"about":[{"href":"https:\/\/perseus.de\/fr\/wp-json\/wp\/v2\/types\/page"}],"author":[{"embeddable":true,"href":"https:\/\/perseus.de\/fr\/wp-json\/wp\/v2\/users\/6"}],"replies":[{"embeddable":true,"href":"https:\/\/perseus.de\/fr\/wp-json\/wp\/v2\/comments?post=28375"}],"version-history":[{"count":9,"href":"https:\/\/perseus.de\/fr\/wp-json\/wp\/v2\/pages\/28375\/revisions"}],"predecessor-version":[{"id":28398,"href":"https:\/\/perseus.de\/fr\/wp-json\/wp\/v2\/pages\/28375\/revisions\/28398"}],"wp:attachment":[{"href":"https:\/\/perseus.de\/fr\/wp-json\/wp\/v2\/media?parent=28375"}],"curies":[{"name":"wp","href":"https:\/\/api.w.org\/{rel}","templated":true}]}}