{"id":28354,"date":"2026-02-21T17:44:40","date_gmt":"2026-02-21T16:44:40","guid":{"rendered":"https:\/\/perseus.de\/alerte-aux-dangers\/"},"modified":"2026-04-02T17:02:55","modified_gmt":"2026-04-02T15:02:55","slug":"alerte-aux-dangers","status":"publish","type":"page","link":"https:\/\/perseus.de\/fr\/alerte-aux-dangers\/","title":{"rendered":"Alerte aux dangers"},"content":{"rendered":"\t\t<div data-elementor-type=\"wp-page\" data-elementor-id=\"28354\" class=\"elementor elementor-28354 elementor-25462\" data-elementor-post-type=\"page\">\n\t\t\t\t<div class=\"elementor-element elementor-element-ec52a39 e-flex e-con-boxed e-con e-parent\" data-id=\"ec52a39\" data-element_type=\"container\" data-e-type=\"container\" data-settings=\"{&quot;background_background&quot;:&quot;gradient&quot;}\">\n\t\t\t\t\t<div class=\"e-con-inner\">\n\t\t<div class=\"elementor-element elementor-element-d66c3e4 e-con-full e-flex e-con e-child\" data-id=\"d66c3e4\" data-element_type=\"container\" data-e-type=\"container\">\n\t\t\t\t<div class=\"elementor-element elementor-element-417aed6 elementor-widget elementor-widget-heading\" data-id=\"417aed6\" data-element_type=\"widget\" data-e-type=\"widget\" data-widget_type=\"heading.default\">\n\t\t\t\t<div class=\"elementor-widget-container\">\n\t\t\t\t\t<p class=\"elementor-heading-title elementor-size-default\">Faits int\u00e9ressants sur la cybers\u00e9curit\u00e9, la protection des donn\u00e9es et bien plus encore<\/p>\t\t\t\t<\/div>\n\t\t\t\t<\/div>\n\t\t\t\t<div class=\"elementor-element elementor-element-c0dcf94 elementor-widget elementor-widget-heading\" data-id=\"c0dcf94\" data-element_type=\"widget\" data-e-type=\"widget\" data-widget_type=\"heading.default\">\n\t\t\t\t<div class=\"elementor-widget-container\">\n\t\t\t\t\t<h1 class=\"elementor-heading-title elementor-size-default\">Alerte aux dangers<\/h1>\t\t\t\t<\/div>\n\t\t\t\t<\/div>\n\t\t\t\t<div class=\"elementor-element elementor-element-5c5ea04 elementor-widget elementor-widget-text-editor\" data-id=\"5c5ea04\" data-element_type=\"widget\" data-e-type=\"widget\" data-widget_type=\"text-editor.default\">\n\t\t\t\t<div class=\"elementor-widget-container\">\n\t\t\t\t\t\t\t\t\t<p data-start=\"1148\" data-end=\"1452\">Nos <strong data-start=\"1152\" data-end=\"1206\">alertes en cybers\u00e9curit\u00e9 et protection des donn\u00e9es<\/strong> informent les petites et moyennes entreprises (PME) des <strong data-start=\"1263\" data-end=\"1343\">menaces \u00e9mergentes, des vuln\u00e9rabilit\u00e9s connues et des cyberrisques critiques<\/strong>. Nous expliquons clairement ce qui s\u2019est pass\u00e9, qui peut \u00eatre concern\u00e9 et comment prot\u00e9ger votre entreprise.<\/p><p data-start=\"1454\" data-end=\"1695\">Vous recevez des recommandations pratiques <strong data-start=\"1497\" data-end=\"1516\">\u00e9tape par \u00e9tape<\/strong> pour corriger les failles, r\u00e9duire les risques et renforcer votre s\u00e9curit\u00e9 informatique\u2014afin de rester inform\u00e9 des <strong data-start=\"1632\" data-end=\"1694\">cybermenaces, vuln\u00e9rabilit\u00e9s et incidents li\u00e9s aux donn\u00e9es<\/strong>.<\/p>\t\t\t\t\t\t\t\t<\/div>\n\t\t\t\t<\/div>\n\t\t\t\t<\/div>\n\t\t\t\t\t<\/div>\n\t\t\t\t<\/div>\n\t\t<div class=\"elementor-element elementor-element-0aaa61c e-flex e-con-boxed e-con e-parent\" data-id=\"0aaa61c\" data-element_type=\"container\" data-e-type=\"container\">\n\t\t\t\t\t<div class=\"e-con-inner\">\n\t\t\t\t\t<\/div>\n\t\t\t\t<\/div>\n\t\t<div class=\"elementor-element elementor-element-f65ed90 e-flex e-con-boxed e-con e-parent\" data-id=\"f65ed90\" data-element_type=\"container\" data-e-type=\"container\">\n\t\t\t\t\t<div class=\"e-con-inner\">\n\t\t\t\t<div class=\"elementor-element elementor-element-4ea969f elementor-widget-divider--view-line elementor-widget elementor-widget-divider\" data-id=\"4ea969f\" data-element_type=\"widget\" data-e-type=\"widget\" data-widget_type=\"divider.default\">\n\t\t\t\t<div class=\"elementor-widget-container\">\n\t\t\t\t\t\t\t<div class=\"elementor-divider\">\n\t\t\t<span class=\"elementor-divider-separator\">\n\t\t\t\t\t\t<\/span>\n\t\t<\/div>\n\t\t\t\t\t\t<\/div>\n\t\t\t\t<\/div>\n\t\t\t\t\t<\/div>\n\t\t\t\t<\/div>\n\t\t\t\t<\/div>\n\t\t","protected":false},"excerpt":{"rendered":"<p>Faits int\u00e9ressants sur la cybers\u00e9curit\u00e9, la protection des donn\u00e9es et bien plus encore Alerte aux dangers Nos alertes en cybers\u00e9curit\u00e9 et protection des donn\u00e9es informent les petites et moyennes entreprises (PME) des menaces \u00e9mergentes, des vuln\u00e9rabilit\u00e9s connues et des cyberrisques critiques. Nous expliquons clairement ce qui s\u2019est pass\u00e9, qui peut \u00eatre concern\u00e9 et comment prot\u00e9ger [&hellip;]<\/p>\n","protected":false},"author":6,"featured_media":0,"parent":0,"menu_order":0,"comment_status":"closed","ping_status":"closed","template":"","meta":{"_acf_changed":false,"footnotes":""},"class_list":["post-28354","page","type-page","status-publish","hentry"],"acf":[],"yoast_head":"<!-- This site is optimized with the Yoast SEO plugin v27.4 - https:\/\/yoast.com\/product\/yoast-seo-wordpress\/ -->\n<title>Connaissances en cybers\u00e9curit\u00e9 \u2013 compactes, compr\u00e9hensibles, \u00e0 jour<\/title>\n<meta name=\"description\" content=\"D\u00e9couvrez les derni\u00e8res connaissances en cybers\u00e9curit\u00e9 pour les PME \u2013 conseils, exemples de dommages et informations de contexte en un coup d\u2019\u0153il.\" \/>\n<meta name=\"robots\" content=\"index, follow, max-snippet:-1, max-image-preview:large, max-video-preview:-1\" \/>\n<link rel=\"canonical\" href=\"https:\/\/perseus.de\/gefahrenwarnung\/\" \/>\n<meta property=\"og:locale\" content=\"fr_FR\" \/>\n<meta property=\"og:type\" content=\"article\" \/>\n<meta property=\"og:title\" content=\"Connaissances en cybers\u00e9curit\u00e9 \u2013 compactes, compr\u00e9hensibles, \u00e0 jour\" \/>\n<meta property=\"og:description\" content=\"D\u00e9couvrez les derni\u00e8res connaissances en cybers\u00e9curit\u00e9 pour les PME \u2013 conseils, exemples de dommages et informations de contexte en un coup d\u2019\u0153il.\" \/>\n<meta property=\"og:url\" content=\"https:\/\/perseus.de\/gefahrenwarnung\/\" \/>\n<meta property=\"og:site_name\" content=\"Perseus Technologies\" \/>\n<meta property=\"article:modified_time\" content=\"2026-04-02T15:02:55+00:00\" \/>\n<meta name=\"twitter:card\" content=\"summary_large_image\" \/>\n<meta name=\"twitter:label1\" content=\"Dur\u00e9e de lecture estim\u00e9e\" \/>\n\t<meta name=\"twitter:data1\" content=\"3 minutes\" \/>\n<script type=\"application\/ld+json\" class=\"yoast-schema-graph\">{\"@context\":\"https:\\\/\\\/schema.org\",\"@graph\":[{\"@type\":\"WebPage\",\"@id\":\"https:\\\/\\\/perseus.de\\\/gefahrenwarnung\\\/\",\"url\":\"https:\\\/\\\/perseus.de\\\/gefahrenwarnung\\\/\",\"name\":\"Connaissances en cybers\u00e9curit\u00e9 \u2013 compactes, compr\u00e9hensibles, \u00e0 jour\",\"isPartOf\":{\"@id\":\"https:\\\/\\\/perseus.de\\\/#website\"},\"datePublished\":\"2026-02-21T16:44:40+00:00\",\"dateModified\":\"2026-04-02T15:02:55+00:00\",\"description\":\"D\u00e9couvrez les derni\u00e8res connaissances en cybers\u00e9curit\u00e9 pour les PME \u2013 conseils, exemples de dommages et informations de contexte en un coup d\u2019\u0153il.\",\"breadcrumb\":{\"@id\":\"https:\\\/\\\/perseus.de\\\/gefahrenwarnung\\\/#breadcrumb\"},\"inLanguage\":\"fr-FR\",\"potentialAction\":[{\"@type\":\"ReadAction\",\"target\":[\"https:\\\/\\\/perseus.de\\\/gefahrenwarnung\\\/\"]}]},{\"@type\":\"BreadcrumbList\",\"@id\":\"https:\\\/\\\/perseus.de\\\/gefahrenwarnung\\\/#breadcrumb\",\"itemListElement\":[{\"@type\":\"ListItem\",\"position\":1,\"name\":\"Home\",\"item\":\"https:\\\/\\\/perseus.de\\\/\"},{\"@type\":\"ListItem\",\"position\":2,\"name\":\"Alerte aux dangers\"}]},{\"@type\":\"WebSite\",\"@id\":\"https:\\\/\\\/perseus.de\\\/#website\",\"url\":\"https:\\\/\\\/perseus.de\\\/\",\"name\":\"perseus-web.de\",\"description\":\"\",\"publisher\":{\"@id\":\"https:\\\/\\\/perseus.de\\\/#organization\"},\"potentialAction\":[{\"@type\":\"SearchAction\",\"target\":{\"@type\":\"EntryPoint\",\"urlTemplate\":\"https:\\\/\\\/perseus.de\\\/?s={search_term_string}\"},\"query-input\":{\"@type\":\"PropertyValueSpecification\",\"valueRequired\":true,\"valueName\":\"search_term_string\"}}],\"inLanguage\":\"fr-FR\"},{\"@type\":\"Organization\",\"@id\":\"https:\\\/\\\/perseus.de\\\/#organization\",\"name\":\"perseus-web.de\",\"url\":\"https:\\\/\\\/perseus.de\\\/\",\"logo\":{\"@type\":\"ImageObject\",\"inLanguage\":\"fr-FR\",\"@id\":\"https:\\\/\\\/perseus.de\\\/#\\\/schema\\\/logo\\\/image\\\/\",\"url\":\"https:\\\/\\\/perseus.de\\\/wp-content\\\/uploads\\\/2025\\\/03\\\/PerseusTechnologie_Color-2.png\",\"contentUrl\":\"https:\\\/\\\/perseus.de\\\/wp-content\\\/uploads\\\/2025\\\/03\\\/PerseusTechnologie_Color-2.png\",\"width\":536,\"height\":172,\"caption\":\"perseus-web.de\"},\"image\":{\"@id\":\"https:\\\/\\\/perseus.de\\\/#\\\/schema\\\/logo\\\/image\\\/\"}}]}<\/script>\n<!-- \/ Yoast SEO plugin. -->","yoast_head_json":{"title":"Connaissances en cybers\u00e9curit\u00e9 \u2013 compactes, compr\u00e9hensibles, \u00e0 jour","description":"D\u00e9couvrez les derni\u00e8res connaissances en cybers\u00e9curit\u00e9 pour les PME \u2013 conseils, exemples de dommages et informations de contexte en un coup d\u2019\u0153il.","robots":{"index":"index","follow":"follow","max-snippet":"max-snippet:-1","max-image-preview":"max-image-preview:large","max-video-preview":"max-video-preview:-1"},"canonical":"https:\/\/perseus.de\/gefahrenwarnung\/","og_locale":"fr_FR","og_type":"article","og_title":"Connaissances en cybers\u00e9curit\u00e9 \u2013 compactes, compr\u00e9hensibles, \u00e0 jour","og_description":"D\u00e9couvrez les derni\u00e8res connaissances en cybers\u00e9curit\u00e9 pour les PME \u2013 conseils, exemples de dommages et informations de contexte en un coup d\u2019\u0153il.","og_url":"https:\/\/perseus.de\/gefahrenwarnung\/","og_site_name":"Perseus Technologies","article_modified_time":"2026-04-02T15:02:55+00:00","twitter_card":"summary_large_image","twitter_misc":{"Dur\u00e9e de lecture estim\u00e9e":"3 minutes"},"schema":{"@context":"https:\/\/schema.org","@graph":[{"@type":"WebPage","@id":"https:\/\/perseus.de\/gefahrenwarnung\/","url":"https:\/\/perseus.de\/gefahrenwarnung\/","name":"Connaissances en cybers\u00e9curit\u00e9 \u2013 compactes, compr\u00e9hensibles, \u00e0 jour","isPartOf":{"@id":"https:\/\/perseus.de\/#website"},"datePublished":"2026-02-21T16:44:40+00:00","dateModified":"2026-04-02T15:02:55+00:00","description":"D\u00e9couvrez les derni\u00e8res connaissances en cybers\u00e9curit\u00e9 pour les PME \u2013 conseils, exemples de dommages et informations de contexte en un coup d\u2019\u0153il.","breadcrumb":{"@id":"https:\/\/perseus.de\/gefahrenwarnung\/#breadcrumb"},"inLanguage":"fr-FR","potentialAction":[{"@type":"ReadAction","target":["https:\/\/perseus.de\/gefahrenwarnung\/"]}]},{"@type":"BreadcrumbList","@id":"https:\/\/perseus.de\/gefahrenwarnung\/#breadcrumb","itemListElement":[{"@type":"ListItem","position":1,"name":"Home","item":"https:\/\/perseus.de\/"},{"@type":"ListItem","position":2,"name":"Alerte aux dangers"}]},{"@type":"WebSite","@id":"https:\/\/perseus.de\/#website","url":"https:\/\/perseus.de\/","name":"perseus-web.de","description":"","publisher":{"@id":"https:\/\/perseus.de\/#organization"},"potentialAction":[{"@type":"SearchAction","target":{"@type":"EntryPoint","urlTemplate":"https:\/\/perseus.de\/?s={search_term_string}"},"query-input":{"@type":"PropertyValueSpecification","valueRequired":true,"valueName":"search_term_string"}}],"inLanguage":"fr-FR"},{"@type":"Organization","@id":"https:\/\/perseus.de\/#organization","name":"perseus-web.de","url":"https:\/\/perseus.de\/","logo":{"@type":"ImageObject","inLanguage":"fr-FR","@id":"https:\/\/perseus.de\/#\/schema\/logo\/image\/","url":"https:\/\/perseus.de\/wp-content\/uploads\/2025\/03\/PerseusTechnologie_Color-2.png","contentUrl":"https:\/\/perseus.de\/wp-content\/uploads\/2025\/03\/PerseusTechnologie_Color-2.png","width":536,"height":172,"caption":"perseus-web.de"},"image":{"@id":"https:\/\/perseus.de\/#\/schema\/logo\/image\/"}}]}},"_links":{"self":[{"href":"https:\/\/perseus.de\/fr\/wp-json\/wp\/v2\/pages\/28354","targetHints":{"allow":["GET"]}}],"collection":[{"href":"https:\/\/perseus.de\/fr\/wp-json\/wp\/v2\/pages"}],"about":[{"href":"https:\/\/perseus.de\/fr\/wp-json\/wp\/v2\/types\/page"}],"author":[{"embeddable":true,"href":"https:\/\/perseus.de\/fr\/wp-json\/wp\/v2\/users\/6"}],"replies":[{"embeddable":true,"href":"https:\/\/perseus.de\/fr\/wp-json\/wp\/v2\/comments?post=28354"}],"version-history":[{"count":4,"href":"https:\/\/perseus.de\/fr\/wp-json\/wp\/v2\/pages\/28354\/revisions"}],"predecessor-version":[{"id":28366,"href":"https:\/\/perseus.de\/fr\/wp-json\/wp\/v2\/pages\/28354\/revisions\/28366"}],"wp:attachment":[{"href":"https:\/\/perseus.de\/fr\/wp-json\/wp\/v2\/media?parent=28354"}],"curies":[{"name":"wp","href":"https:\/\/api.w.org\/{rel}","templated":true}]}}