{"id":28335,"date":"2026-02-21T17:35:31","date_gmt":"2026-02-21T16:35:31","guid":{"rendered":"https:\/\/perseus.de\/etudes-de-cas\/"},"modified":"2026-04-02T16:57:58","modified_gmt":"2026-04-02T14:57:58","slug":"etudes-de-cas","status":"publish","type":"page","link":"https:\/\/perseus.de\/fr\/etudes-de-cas\/","title":{"rendered":"\u00c9tudes de cas"},"content":{"rendered":"\t\t<div data-elementor-type=\"wp-page\" data-elementor-id=\"28335\" class=\"elementor elementor-28335 elementor-25457\" data-elementor-post-type=\"page\">\n\t\t\t\t<div class=\"elementor-element elementor-element-ec52a39 e-flex e-con-boxed e-con e-parent\" data-id=\"ec52a39\" data-element_type=\"container\" data-e-type=\"container\" data-settings=\"{&quot;background_background&quot;:&quot;gradient&quot;}\">\n\t\t\t\t\t<div class=\"e-con-inner\">\n\t\t<div class=\"elementor-element elementor-element-d66c3e4 e-con-full e-flex e-con e-child\" data-id=\"d66c3e4\" data-element_type=\"container\" data-e-type=\"container\">\n\t\t\t\t<div class=\"elementor-element elementor-element-417aed6 elementor-widget elementor-widget-heading\" data-id=\"417aed6\" data-element_type=\"widget\" data-e-type=\"widget\" data-widget_type=\"heading.default\">\n\t\t\t\t<div class=\"elementor-widget-container\">\n\t\t\t\t\t<p class=\"elementor-heading-title elementor-size-default\">Faits int\u00e9ressants sur la cybers\u00e9curit\u00e9, la protection des donn\u00e9es et bien plus encore<\/p>\t\t\t\t<\/div>\n\t\t\t\t<\/div>\n\t\t\t\t<div class=\"elementor-element elementor-element-c0dcf94 elementor-widget elementor-widget-heading\" data-id=\"c0dcf94\" data-element_type=\"widget\" data-e-type=\"widget\" data-widget_type=\"heading.default\">\n\t\t\t\t<div class=\"elementor-widget-container\">\n\t\t\t\t\t<h1 class=\"elementor-heading-title elementor-size-default\">\u00c9tudes de cas<\/h1>\t\t\t\t<\/div>\n\t\t\t\t<\/div>\n\t\t\t\t<div class=\"elementor-element elementor-element-5c5ea04 elementor-widget elementor-widget-text-editor\" data-id=\"5c5ea04\" data-element_type=\"widget\" data-e-type=\"widget\" data-widget_type=\"text-editor.default\">\n\t\t\t\t<div class=\"elementor-widget-container\">\n\t\t\t\t\t\t\t\t\t<p data-start=\"1643\" data-end=\"1982\">Nos <strong data-start=\"1647\" data-end=\"1720\">\u00e9tudes de cas en cybers\u00e9curit\u00e9 et protection des donn\u00e9es pour les PME<\/strong> montrent comment les entreprises g\u00e8rent avec succ\u00e8s des cyberrisques r\u00e9els. D\u00e9couvrez comment nous identifions les vuln\u00e9rabilit\u00e9s, mettons en \u0153uvre des mesures de s\u00e9curit\u00e9 efficaces et d\u00e9veloppons des solutions globales avec des <strong data-start=\"1950\" data-end=\"1981\">assureurs en cyberassurance<\/strong>.<\/p><p data-start=\"1984\" data-end=\"2181\">Gr\u00e2ce \u00e0 des exemples concrets, vous obtenez des insights pratiques sur la <strong data-start=\"2058\" data-end=\"2126\">s\u00e9curit\u00e9 informatique, la conformit\u00e9 RGPD et la cyber-r\u00e9silience<\/strong>, clairs et directement applicables \u00e0 votre entreprise.<\/p>\t\t\t\t\t\t\t\t<\/div>\n\t\t\t\t<\/div>\n\t\t\t\t<\/div>\n\t\t<div class=\"elementor-element elementor-element-7c46bcb e-con-full e-flex e-con e-child\" data-id=\"7c46bcb\" data-element_type=\"container\" data-e-type=\"container\">\n\t\t\t\t<div class=\"elementor-element elementor-element-26c4f1e elementor-widget elementor-widget-image\" data-id=\"26c4f1e\" data-element_type=\"widget\" data-e-type=\"widget\" data-widget_type=\"image.default\">\n\t\t\t\t<div class=\"elementor-widget-container\">\n\t\t\t\t\t\t\t\t\t\t\t\t\t\t\t<img fetchpriority=\"high\" decoding=\"async\" width=\"800\" height=\"800\" src=\"https:\/\/perseus.de\/wp-content\/uploads\/2025\/04\/Headerbild-Partner-Page-V3.png\" class=\"attachment-large size-large wp-image-28334\" alt=\"Un homme et une femme c\u00e9l\u00e8brent le succ\u00e8s de leur partenariat dans le domaine de la s\u00e9curit\u00e9 informatique\" srcset=\"https:\/\/perseus.de\/wp-content\/uploads\/2025\/04\/Headerbild-Partner-Page-V3.png 800w, https:\/\/perseus.de\/wp-content\/uploads\/2025\/04\/Headerbild-Partner-Page-V3-300x300.png 300w, https:\/\/perseus.de\/wp-content\/uploads\/2025\/04\/Headerbild-Partner-Page-V3-150x150.png 150w, https:\/\/perseus.de\/wp-content\/uploads\/2025\/04\/Headerbild-Partner-Page-V3-768x768.png 768w\" sizes=\"(max-width: 800px) 100vw, 800px\" \/>\t\t\t\t\t\t\t\t\t\t\t\t\t\t\t<\/div>\n\t\t\t\t<\/div>\n\t\t\t\t<\/div>\n\t\t\t\t\t<\/div>\n\t\t\t\t<\/div>\n\t\t<div class=\"elementor-element elementor-element-0aaa61c e-flex e-con-boxed e-con e-parent\" data-id=\"0aaa61c\" data-element_type=\"container\" data-e-type=\"container\">\n\t\t\t\t\t<div class=\"e-con-inner\">\n\t\t\t\t\t<\/div>\n\t\t\t\t<\/div>\n\t\t<div class=\"elementor-element elementor-element-f65ed90 e-flex e-con-boxed e-con e-parent\" data-id=\"f65ed90\" data-element_type=\"container\" data-e-type=\"container\">\n\t\t\t\t\t<div class=\"e-con-inner\">\n\t\t\t\t<div class=\"elementor-element elementor-element-4ea969f elementor-widget-divider--view-line elementor-widget elementor-widget-divider\" data-id=\"4ea969f\" data-element_type=\"widget\" data-e-type=\"widget\" data-widget_type=\"divider.default\">\n\t\t\t\t<div class=\"elementor-widget-container\">\n\t\t\t\t\t\t\t<div class=\"elementor-divider\">\n\t\t\t<span class=\"elementor-divider-separator\">\n\t\t\t\t\t\t<\/span>\n\t\t<\/div>\n\t\t\t\t\t\t<\/div>\n\t\t\t\t<\/div>\n\t\t\t\t\t<\/div>\n\t\t\t\t<\/div>\n\t\t\t\t<\/div>\n\t\t","protected":false},"excerpt":{"rendered":"<p>Faits int\u00e9ressants sur la cybers\u00e9curit\u00e9, la protection des donn\u00e9es et bien plus encore \u00c9tudes de cas Nos \u00e9tudes de cas en cybers\u00e9curit\u00e9 et protection des donn\u00e9es pour les PME montrent comment les entreprises g\u00e8rent avec succ\u00e8s des cyberrisques r\u00e9els. D\u00e9couvrez comment nous identifions les vuln\u00e9rabilit\u00e9s, mettons en \u0153uvre des mesures de s\u00e9curit\u00e9 efficaces et d\u00e9veloppons [&hellip;]<\/p>\n","protected":false},"author":6,"featured_media":0,"parent":0,"menu_order":0,"comment_status":"closed","ping_status":"closed","template":"","meta":{"_acf_changed":false,"footnotes":""},"class_list":["post-28335","page","type-page","status-publish","hentry"],"acf":[],"yoast_head":"<!-- This site is optimized with the Yoast SEO plugin v27.3 - https:\/\/yoast.com\/product\/yoast-seo-wordpress\/ -->\n<title>Connaissances en cybers\u00e9curit\u00e9 \u2013 compactes, compr\u00e9hensibles, \u00e0 jour<\/title>\n<meta name=\"description\" content=\"D\u00e9couvrez les derni\u00e8res connaissances en cybers\u00e9curit\u00e9 pour les PME \u2013 conseils, exemples de dommages et informations de contexte en un coup d\u2019\u0153il.\" \/>\n<meta name=\"robots\" content=\"index, follow, max-snippet:-1, max-image-preview:large, max-video-preview:-1\" \/>\n<link rel=\"canonical\" href=\"https:\/\/perseus.de\/fallstudien\/\" \/>\n<meta property=\"og:locale\" content=\"fr_FR\" \/>\n<meta property=\"og:type\" content=\"article\" \/>\n<meta property=\"og:title\" content=\"Connaissances en cybers\u00e9curit\u00e9 \u2013 compactes, compr\u00e9hensibles, \u00e0 jour\" \/>\n<meta property=\"og:description\" content=\"D\u00e9couvrez les derni\u00e8res connaissances en cybers\u00e9curit\u00e9 pour les PME \u2013 conseils, exemples de dommages et informations de contexte en un coup d\u2019\u0153il.\" \/>\n<meta property=\"og:url\" content=\"https:\/\/perseus.de\/fallstudien\/\" \/>\n<meta property=\"og:site_name\" content=\"Perseus Technologies\" \/>\n<meta property=\"article:modified_time\" content=\"2026-04-02T14:57:58+00:00\" \/>\n<meta property=\"og:image\" content=\"https:\/\/perseus.de\/wp-content\/uploads\/2025\/04\/Headerbild-Partner-Page-V3.png\" \/>\n\t<meta property=\"og:image:width\" content=\"800\" \/>\n\t<meta property=\"og:image:height\" content=\"800\" \/>\n\t<meta property=\"og:image:type\" content=\"image\/png\" \/>\n<meta name=\"twitter:card\" content=\"summary_large_image\" \/>\n<meta name=\"twitter:label1\" content=\"Dur\u00e9e de lecture estim\u00e9e\" \/>\n\t<meta name=\"twitter:data1\" content=\"4 minutes\" \/>\n<script type=\"application\/ld+json\" class=\"yoast-schema-graph\">{\"@context\":\"https:\\\/\\\/schema.org\",\"@graph\":[{\"@type\":\"WebPage\",\"@id\":\"https:\\\/\\\/perseus.de\\\/fallstudien\\\/\",\"url\":\"https:\\\/\\\/perseus.de\\\/fallstudien\\\/\",\"name\":\"Connaissances en cybers\u00e9curit\u00e9 \u2013 compactes, compr\u00e9hensibles, \u00e0 jour\",\"isPartOf\":{\"@id\":\"https:\\\/\\\/perseus.de\\\/#website\"},\"primaryImageOfPage\":{\"@id\":\"https:\\\/\\\/perseus.de\\\/fallstudien\\\/#primaryimage\"},\"image\":{\"@id\":\"https:\\\/\\\/perseus.de\\\/fallstudien\\\/#primaryimage\"},\"thumbnailUrl\":\"https:\\\/\\\/perseus.de\\\/wp-content\\\/uploads\\\/2025\\\/04\\\/Headerbild-Partner-Page-V3.png\",\"datePublished\":\"2026-02-21T16:35:31+00:00\",\"dateModified\":\"2026-04-02T14:57:58+00:00\",\"description\":\"D\u00e9couvrez les derni\u00e8res connaissances en cybers\u00e9curit\u00e9 pour les PME \u2013 conseils, exemples de dommages et informations de contexte en un coup d\u2019\u0153il.\",\"breadcrumb\":{\"@id\":\"https:\\\/\\\/perseus.de\\\/fallstudien\\\/#breadcrumb\"},\"inLanguage\":\"fr-FR\",\"potentialAction\":[{\"@type\":\"ReadAction\",\"target\":[\"https:\\\/\\\/perseus.de\\\/fallstudien\\\/\"]}]},{\"@type\":\"ImageObject\",\"inLanguage\":\"fr-FR\",\"@id\":\"https:\\\/\\\/perseus.de\\\/fallstudien\\\/#primaryimage\",\"url\":\"https:\\\/\\\/perseus.de\\\/wp-content\\\/uploads\\\/2025\\\/04\\\/Headerbild-Partner-Page-V3.png\",\"contentUrl\":\"https:\\\/\\\/perseus.de\\\/wp-content\\\/uploads\\\/2025\\\/04\\\/Headerbild-Partner-Page-V3.png\"},{\"@type\":\"BreadcrumbList\",\"@id\":\"https:\\\/\\\/perseus.de\\\/fallstudien\\\/#breadcrumb\",\"itemListElement\":[{\"@type\":\"ListItem\",\"position\":1,\"name\":\"Home\",\"item\":\"https:\\\/\\\/perseus.de\\\/\"},{\"@type\":\"ListItem\",\"position\":2,\"name\":\"\u00c9tudes de cas\"}]},{\"@type\":\"WebSite\",\"@id\":\"https:\\\/\\\/perseus.de\\\/#website\",\"url\":\"https:\\\/\\\/perseus.de\\\/\",\"name\":\"perseus-web.de\",\"description\":\"\",\"publisher\":{\"@id\":\"https:\\\/\\\/perseus.de\\\/#organization\"},\"potentialAction\":[{\"@type\":\"SearchAction\",\"target\":{\"@type\":\"EntryPoint\",\"urlTemplate\":\"https:\\\/\\\/perseus.de\\\/?s={search_term_string}\"},\"query-input\":{\"@type\":\"PropertyValueSpecification\",\"valueRequired\":true,\"valueName\":\"search_term_string\"}}],\"inLanguage\":\"fr-FR\"},{\"@type\":\"Organization\",\"@id\":\"https:\\\/\\\/perseus.de\\\/#organization\",\"name\":\"perseus-web.de\",\"url\":\"https:\\\/\\\/perseus.de\\\/\",\"logo\":{\"@type\":\"ImageObject\",\"inLanguage\":\"fr-FR\",\"@id\":\"https:\\\/\\\/perseus.de\\\/#\\\/schema\\\/logo\\\/image\\\/\",\"url\":\"https:\\\/\\\/perseus.de\\\/wp-content\\\/uploads\\\/2025\\\/03\\\/PerseusTechnologie_Color-2.png\",\"contentUrl\":\"https:\\\/\\\/perseus.de\\\/wp-content\\\/uploads\\\/2025\\\/03\\\/PerseusTechnologie_Color-2.png\",\"width\":536,\"height\":172,\"caption\":\"perseus-web.de\"},\"image\":{\"@id\":\"https:\\\/\\\/perseus.de\\\/#\\\/schema\\\/logo\\\/image\\\/\"}}]}<\/script>\n<!-- \/ Yoast SEO plugin. -->","yoast_head_json":{"title":"Connaissances en cybers\u00e9curit\u00e9 \u2013 compactes, compr\u00e9hensibles, \u00e0 jour","description":"D\u00e9couvrez les derni\u00e8res connaissances en cybers\u00e9curit\u00e9 pour les PME \u2013 conseils, exemples de dommages et informations de contexte en un coup d\u2019\u0153il.","robots":{"index":"index","follow":"follow","max-snippet":"max-snippet:-1","max-image-preview":"max-image-preview:large","max-video-preview":"max-video-preview:-1"},"canonical":"https:\/\/perseus.de\/fallstudien\/","og_locale":"fr_FR","og_type":"article","og_title":"Connaissances en cybers\u00e9curit\u00e9 \u2013 compactes, compr\u00e9hensibles, \u00e0 jour","og_description":"D\u00e9couvrez les derni\u00e8res connaissances en cybers\u00e9curit\u00e9 pour les PME \u2013 conseils, exemples de dommages et informations de contexte en un coup d\u2019\u0153il.","og_url":"https:\/\/perseus.de\/fallstudien\/","og_site_name":"Perseus Technologies","article_modified_time":"2026-04-02T14:57:58+00:00","og_image":[{"width":800,"height":800,"url":"https:\/\/perseus.de\/wp-content\/uploads\/2025\/04\/Headerbild-Partner-Page-V3.png","type":"image\/png"}],"twitter_card":"summary_large_image","twitter_misc":{"Dur\u00e9e de lecture estim\u00e9e":"4 minutes"},"schema":{"@context":"https:\/\/schema.org","@graph":[{"@type":"WebPage","@id":"https:\/\/perseus.de\/fallstudien\/","url":"https:\/\/perseus.de\/fallstudien\/","name":"Connaissances en cybers\u00e9curit\u00e9 \u2013 compactes, compr\u00e9hensibles, \u00e0 jour","isPartOf":{"@id":"https:\/\/perseus.de\/#website"},"primaryImageOfPage":{"@id":"https:\/\/perseus.de\/fallstudien\/#primaryimage"},"image":{"@id":"https:\/\/perseus.de\/fallstudien\/#primaryimage"},"thumbnailUrl":"https:\/\/perseus.de\/wp-content\/uploads\/2025\/04\/Headerbild-Partner-Page-V3.png","datePublished":"2026-02-21T16:35:31+00:00","dateModified":"2026-04-02T14:57:58+00:00","description":"D\u00e9couvrez les derni\u00e8res connaissances en cybers\u00e9curit\u00e9 pour les PME \u2013 conseils, exemples de dommages et informations de contexte en un coup d\u2019\u0153il.","breadcrumb":{"@id":"https:\/\/perseus.de\/fallstudien\/#breadcrumb"},"inLanguage":"fr-FR","potentialAction":[{"@type":"ReadAction","target":["https:\/\/perseus.de\/fallstudien\/"]}]},{"@type":"ImageObject","inLanguage":"fr-FR","@id":"https:\/\/perseus.de\/fallstudien\/#primaryimage","url":"https:\/\/perseus.de\/wp-content\/uploads\/2025\/04\/Headerbild-Partner-Page-V3.png","contentUrl":"https:\/\/perseus.de\/wp-content\/uploads\/2025\/04\/Headerbild-Partner-Page-V3.png"},{"@type":"BreadcrumbList","@id":"https:\/\/perseus.de\/fallstudien\/#breadcrumb","itemListElement":[{"@type":"ListItem","position":1,"name":"Home","item":"https:\/\/perseus.de\/"},{"@type":"ListItem","position":2,"name":"\u00c9tudes de cas"}]},{"@type":"WebSite","@id":"https:\/\/perseus.de\/#website","url":"https:\/\/perseus.de\/","name":"perseus-web.de","description":"","publisher":{"@id":"https:\/\/perseus.de\/#organization"},"potentialAction":[{"@type":"SearchAction","target":{"@type":"EntryPoint","urlTemplate":"https:\/\/perseus.de\/?s={search_term_string}"},"query-input":{"@type":"PropertyValueSpecification","valueRequired":true,"valueName":"search_term_string"}}],"inLanguage":"fr-FR"},{"@type":"Organization","@id":"https:\/\/perseus.de\/#organization","name":"perseus-web.de","url":"https:\/\/perseus.de\/","logo":{"@type":"ImageObject","inLanguage":"fr-FR","@id":"https:\/\/perseus.de\/#\/schema\/logo\/image\/","url":"https:\/\/perseus.de\/wp-content\/uploads\/2025\/03\/PerseusTechnologie_Color-2.png","contentUrl":"https:\/\/perseus.de\/wp-content\/uploads\/2025\/03\/PerseusTechnologie_Color-2.png","width":536,"height":172,"caption":"perseus-web.de"},"image":{"@id":"https:\/\/perseus.de\/#\/schema\/logo\/image\/"}}]}},"_links":{"self":[{"href":"https:\/\/perseus.de\/fr\/wp-json\/wp\/v2\/pages\/28335","targetHints":{"allow":["GET"]}}],"collection":[{"href":"https:\/\/perseus.de\/fr\/wp-json\/wp\/v2\/pages"}],"about":[{"href":"https:\/\/perseus.de\/fr\/wp-json\/wp\/v2\/types\/page"}],"author":[{"embeddable":true,"href":"https:\/\/perseus.de\/fr\/wp-json\/wp\/v2\/users\/6"}],"replies":[{"embeddable":true,"href":"https:\/\/perseus.de\/fr\/wp-json\/wp\/v2\/comments?post=28335"}],"version-history":[{"count":4,"href":"https:\/\/perseus.de\/fr\/wp-json\/wp\/v2\/pages\/28335\/revisions"}],"predecessor-version":[{"id":28348,"href":"https:\/\/perseus.de\/fr\/wp-json\/wp\/v2\/pages\/28335\/revisions\/28348"}],"wp:attachment":[{"href":"https:\/\/perseus.de\/fr\/wp-json\/wp\/v2\/media?parent=28335"}],"curies":[{"name":"wp","href":"https:\/\/api.w.org\/{rel}","templated":true}]}}