{"id":28314,"date":"2026-02-21T14:24:34","date_gmt":"2026-02-21T13:24:34","guid":{"rendered":"https:\/\/perseus.de\/blog\/"},"modified":"2026-04-02T16:28:37","modified_gmt":"2026-04-02T14:28:37","slug":"blog","status":"publish","type":"page","link":"https:\/\/perseus.de\/fr\/blog\/","title":{"rendered":"Blog"},"content":{"rendered":"\t\t<div data-elementor-type=\"wp-page\" data-elementor-id=\"28314\" class=\"elementor elementor-28314 elementor-25372\" data-elementor-post-type=\"page\">\n\t\t\t\t<div class=\"elementor-element elementor-element-ec52a39 e-flex e-con-boxed e-con e-parent\" data-id=\"ec52a39\" data-element_type=\"container\" data-e-type=\"container\" data-settings=\"{&quot;background_background&quot;:&quot;gradient&quot;}\">\n\t\t\t\t\t<div class=\"e-con-inner\">\n\t\t<div class=\"elementor-element elementor-element-d66c3e4 e-con-full e-flex e-con e-child\" data-id=\"d66c3e4\" data-element_type=\"container\" data-e-type=\"container\">\n\t\t\t\t<div class=\"elementor-element elementor-element-417aed6 elementor-widget elementor-widget-heading\" data-id=\"417aed6\" data-element_type=\"widget\" data-e-type=\"widget\" data-widget_type=\"heading.default\">\n\t\t\t\t<div class=\"elementor-widget-container\">\n\t\t\t\t\t<p class=\"elementor-heading-title elementor-size-default\">Faits int\u00e9ressants sur la cybers\u00e9curit\u00e9, la protection des donn\u00e9es et bien plus encore<\/p>\t\t\t\t<\/div>\n\t\t\t\t<\/div>\n\t\t\t\t<div class=\"elementor-element elementor-element-c0dcf94 elementor-widget elementor-widget-heading\" data-id=\"c0dcf94\" data-element_type=\"widget\" data-e-type=\"widget\" data-widget_type=\"heading.default\">\n\t\t\t\t<div class=\"elementor-widget-container\">\n\t\t\t\t\t<h1 class=\"elementor-heading-title elementor-size-default\">Blog<\/h1>\t\t\t\t<\/div>\n\t\t\t\t<\/div>\n\t\t\t\t<div class=\"elementor-element elementor-element-5c5ea04 elementor-widget elementor-widget-text-editor\" data-id=\"5c5ea04\" data-element_type=\"widget\" data-e-type=\"widget\" data-widget_type=\"text-editor.default\">\n\t\t\t\t<div class=\"elementor-widget-container\">\n\t\t\t\t\t\t\t\t\t<p data-start=\"1261\" data-end=\"1549\">Face \u00e0 l\u2019augmentation des cybermenaces, la <strong data-start=\"1304\" data-end=\"1397\">cybers\u00e9curit\u00e9 et la protection des donn\u00e9es pour les petites et moyennes entreprises (PME)<\/strong> sont indispensables. Nous aidons les entreprises \u00e0 s\u00e9curiser leurs syst\u00e8mes informatiques, \u00e0 combler les failles de s\u00e9curit\u00e9 et \u00e0 se conformer au RGPD.<\/p><p data-start=\"1551\" data-end=\"1934\">Gr\u00e2ce \u00e0 notre collaboration \u00e9troite avec des <strong data-start=\"1596\" data-end=\"1627\">assureurs en cyberassurance<\/strong>, nous proposons une approche globale : nous renfor\u00e7ons la pr\u00e9vention, tandis que l\u2019assurance couvre les risques financiers. Sur notre blog, vous trouverez des conseils pratiques et des informations actualis\u00e9es sur la <strong data-start=\"1845\" data-end=\"1933\">s\u00e9curit\u00e9 informatique, la protection des donn\u00e9es et la cyber-r\u00e9silience pour les PME<\/strong>.<\/p>\t\t\t\t\t\t\t\t<\/div>\n\t\t\t\t<\/div>\n\t\t\t\t<\/div>\n\t\t<div class=\"elementor-element elementor-element-7c46bcb e-con-full e-flex e-con e-child\" data-id=\"7c46bcb\" data-element_type=\"container\" data-e-type=\"container\">\n\t\t\t\t<div class=\"elementor-element elementor-element-26c4f1e elementor-widget elementor-widget-image\" data-id=\"26c4f1e\" data-element_type=\"widget\" data-e-type=\"widget\" data-widget_type=\"image.default\">\n\t\t\t\t<div class=\"elementor-widget-container\">\n\t\t\t\t\t\t\t\t\t\t\t\t\t\t\t<img fetchpriority=\"high\" decoding=\"async\" width=\"800\" height=\"800\" src=\"https:\/\/perseus.de\/wp-content\/uploads\/2025\/04\/Headerbild-Blog-Page.png\" class=\"attachment-large size-large wp-image-28313\" alt=\"\" srcset=\"https:\/\/perseus.de\/wp-content\/uploads\/2025\/04\/Headerbild-Blog-Page.png 800w, https:\/\/perseus.de\/wp-content\/uploads\/2025\/04\/Headerbild-Blog-Page-300x300.png 300w, https:\/\/perseus.de\/wp-content\/uploads\/2025\/04\/Headerbild-Blog-Page-150x150.png 150w, https:\/\/perseus.de\/wp-content\/uploads\/2025\/04\/Headerbild-Blog-Page-768x768.png 768w\" sizes=\"(max-width: 800px) 100vw, 800px\" \/>\t\t\t\t\t\t\t\t\t\t\t\t\t\t\t<\/div>\n\t\t\t\t<\/div>\n\t\t\t\t<\/div>\n\t\t\t\t\t<\/div>\n\t\t\t\t<\/div>\n\t\t<div class=\"elementor-element elementor-element-b744b01 e-flex e-con-boxed e-con e-parent\" data-id=\"b744b01\" data-element_type=\"container\" data-e-type=\"container\">\n\t\t\t\t\t<div class=\"e-con-inner\">\n\t\t\t\t<div class=\"elementor-element elementor-element-dfdeaac elementor-widget elementor-widget-search\" data-id=\"dfdeaac\" data-element_type=\"widget\" data-e-type=\"widget\" data-settings=\"{&quot;pagination_type_options&quot;:&quot;previous_next&quot;,&quot;submit_trigger&quot;:&quot;click_submit&quot;,&quot;page_limit_settings&quot;:5}\" data-widget_type=\"search.default\">\n\t\t\t\t<div class=\"elementor-widget-container\">\n\t\t\t\t\t\t\t<search class=\"e-search hidden\" role=\"search\">\n\t\t\t<form class=\"e-search-form\" action=\"https:\/\/perseus.de\/fr\/\" method=\"get\">\n\n\t\t\t\t\n\t\t\t\t<label class=\"e-search-label\" for=\"search-dfdeaac\">\n\t\t\t\t\t<span class=\"elementor-screen-only\">\n\t\t\t\t\t\tRechercher \t\t\t\t\t<\/span>\n\t\t\t\t\t<svg aria-hidden=\"true\" class=\"e-font-icon-svg e-fas-search\" viewBox=\"0 0 512 512\" xmlns=\"http:\/\/www.w3.org\/2000\/svg\"><path d=\"M505 442.7L405.3 343c-4.5-4.5-10.6-7-17-7H372c27.6-35.3 44-79.7 44-128C416 93.1 322.9 0 208 0S0 93.1 0 208s93.1 208 208 208c48.3 0 92.7-16.4 128-44v16.3c0 6.4 2.5 12.5 7 17l99.7 99.7c9.4 9.4 24.6 9.4 33.9 0l28.3-28.3c9.4-9.4 9.4-24.6.1-34zM208 336c-70.7 0-128-57.2-128-128 0-70.7 57.2-128 128-128 70.7 0 128 57.2 128 128 0 70.7-57.2 128-128 128z\"><\/path><\/svg>\t\t\t\t<\/label>\n\n\t\t\t\t<div class=\"e-search-input-wrapper\">\n\t\t\t\t\t<input id=\"search-dfdeaac\" placeholder=\"Parcourez...\" class=\"e-search-input\" type=\"search\" name=\"s\" value=\"\" autocomplete=\"off\" role=\"combobox\" aria-autocomplete=\"list\" aria-expanded=\"false\" aria-controls=\"results-dfdeaac\" aria-haspopup=\"listbox\">\n\t\t\t\t\t<svg aria-hidden=\"true\" class=\"e-font-icon-svg e-fas-times\" viewBox=\"0 0 352 512\" xmlns=\"http:\/\/www.w3.org\/2000\/svg\"><path d=\"M242.72 256l100.07-100.07c12.28-12.28 12.28-32.19 0-44.48l-22.24-22.24c-12.28-12.28-32.19-12.28-44.48 0L176 189.28 75.93 89.21c-12.28-12.28-32.19-12.28-44.48 0L9.21 111.45c-12.28 12.28-12.28 32.19 0 44.48L109.28 256 9.21 356.07c-12.28 12.28-12.28 32.19 0 44.48l22.24 22.24c12.28 12.28 32.2 12.28 44.48 0L176 322.72l100.07 100.07c12.28 12.28 32.2 12.28 44.48 0l22.24-22.24c12.28-12.28 12.28-32.19 0-44.48L242.72 256z\"><\/path><\/svg>\t\t\t\t\t\t\t\t\t\t<output class=\"hide-pagination-numbers e-search-results-container hide-loader\" id=\"results-dfdeaac\" aria-live=\"polite\" aria-atomic=\"true\" aria-label=\"Results for search\" tabindex=\"0\">\n\t\t\t\t\t\t<div class=\"e-search-results\"><\/div>\n\t\t\t\t\t\t\t\t\t\t\t<\/output>\n\t\t\t\t\t\t\t\t\t<\/div>\n\t\t\t\t\n\t\t\t\t\n\t\t\t\t<button class=\"e-search-submit  \" type=\"submit\">\n\t\t\t\t\t\n\t\t\t\t\t\t\t\t\t\t<span class=\"\">\n\t\t\t\t\t\tRecherche\t\t\t\t\t<\/span>\n\t\t\t\t\t\t\t\t\t<\/button>\n\t\t\t\t<input type=\"hidden\" name=\"e_search_props\" value=\"dfdeaac-28314\">\n\t\t\t<\/form>\n\t\t<\/search>\n\t\t\t\t\t\t<\/div>\n\t\t\t\t<\/div>\n\t\t\t\t\t<\/div>\n\t\t\t\t<\/div>\n\t\t<div class=\"elementor-element elementor-element-0aaa61c e-flex e-con-boxed e-con e-parent\" data-id=\"0aaa61c\" data-element_type=\"container\" data-e-type=\"container\">\n\t\t\t\t\t<div class=\"e-con-inner\">\n\t\t\t\t\t<\/div>\n\t\t\t\t<\/div>\n\t\t<div class=\"elementor-element elementor-element-f65ed90 e-flex e-con-boxed e-con e-parent\" data-id=\"f65ed90\" data-element_type=\"container\" data-e-type=\"container\">\n\t\t\t\t\t<div class=\"e-con-inner\">\n\t\t\t\t<div class=\"elementor-element elementor-element-4ea969f elementor-widget-divider--view-line elementor-widget elementor-widget-divider\" data-id=\"4ea969f\" data-element_type=\"widget\" data-e-type=\"widget\" data-widget_type=\"divider.default\">\n\t\t\t\t<div class=\"elementor-widget-container\">\n\t\t\t\t\t\t\t<div class=\"elementor-divider\">\n\t\t\t<span class=\"elementor-divider-separator\">\n\t\t\t\t\t\t<\/span>\n\t\t<\/div>\n\t\t\t\t\t\t<\/div>\n\t\t\t\t<\/div>\n\t\t\t\t\t<\/div>\n\t\t\t\t<\/div>\n\t\t\t\t<\/div>\n\t\t","protected":false},"excerpt":{"rendered":"<p>Faits int\u00e9ressants sur la cybers\u00e9curit\u00e9, la protection des donn\u00e9es et bien plus encore Blog Face \u00e0 l\u2019augmentation des cybermenaces, la cybers\u00e9curit\u00e9 et la protection des donn\u00e9es pour les petites et moyennes entreprises (PME) sont indispensables. Nous aidons les entreprises \u00e0 s\u00e9curiser leurs syst\u00e8mes informatiques, \u00e0 combler les failles de s\u00e9curit\u00e9 et \u00e0 se conformer au [&hellip;]<\/p>\n","protected":false},"author":6,"featured_media":0,"parent":0,"menu_order":0,"comment_status":"closed","ping_status":"closed","template":"","meta":{"_acf_changed":false,"footnotes":""},"class_list":["post-28314","page","type-page","status-publish","hentry"],"acf":[],"yoast_head":"<!-- This site is optimized with the Yoast SEO plugin v27.3 - https:\/\/yoast.com\/product\/yoast-seo-wordpress\/ -->\n<title>Connaissances en cybers\u00e9curit\u00e9 \u2013 compactes, compr\u00e9hensibles, \u00e0 jour<\/title>\n<meta name=\"description\" content=\"D\u00e9couvrez les derni\u00e8res connaissances en cybers\u00e9curit\u00e9 pour les PME \u2013 conseils, exemples de dommages et informations de contexte en un coup d\u2019\u0153il.\" \/>\n<meta name=\"robots\" content=\"index, follow, max-snippet:-1, max-image-preview:large, max-video-preview:-1\" \/>\n<link rel=\"canonical\" href=\"https:\/\/perseus.de\/magazine\/\" \/>\n<meta property=\"og:locale\" content=\"fr_FR\" \/>\n<meta property=\"og:type\" content=\"article\" \/>\n<meta property=\"og:title\" content=\"Connaissances en cybers\u00e9curit\u00e9 \u2013 compactes, compr\u00e9hensibles, \u00e0 jour\" \/>\n<meta property=\"og:description\" content=\"D\u00e9couvrez les derni\u00e8res connaissances en cybers\u00e9curit\u00e9 pour les PME \u2013 conseils, exemples de dommages et informations de contexte en un coup d\u2019\u0153il.\" \/>\n<meta property=\"og:url\" content=\"https:\/\/perseus.de\/magazine\/\" \/>\n<meta property=\"og:site_name\" content=\"Perseus Technologies\" \/>\n<meta property=\"article:modified_time\" content=\"2026-04-02T14:28:37+00:00\" \/>\n<meta property=\"og:image\" content=\"https:\/\/perseus.de\/wp-content\/uploads\/2025\/04\/Headerbild-Blog-Page.png\" \/>\n\t<meta property=\"og:image:width\" content=\"800\" \/>\n\t<meta property=\"og:image:height\" content=\"800\" \/>\n\t<meta property=\"og:image:type\" content=\"image\/png\" \/>\n<meta name=\"twitter:card\" content=\"summary_large_image\" \/>\n<meta name=\"twitter:label1\" content=\"Dur\u00e9e de lecture estim\u00e9e\" \/>\n\t<meta name=\"twitter:data1\" content=\"5 minutes\" \/>\n<script type=\"application\/ld+json\" class=\"yoast-schema-graph\">{\"@context\":\"https:\\\/\\\/schema.org\",\"@graph\":[{\"@type\":\"WebPage\",\"@id\":\"https:\\\/\\\/perseus.de\\\/magazine\\\/\",\"url\":\"https:\\\/\\\/perseus.de\\\/magazine\\\/\",\"name\":\"Connaissances en cybers\u00e9curit\u00e9 \u2013 compactes, compr\u00e9hensibles, \u00e0 jour\",\"isPartOf\":{\"@id\":\"https:\\\/\\\/perseus.de\\\/#website\"},\"primaryImageOfPage\":{\"@id\":\"https:\\\/\\\/perseus.de\\\/magazine\\\/#primaryimage\"},\"image\":{\"@id\":\"https:\\\/\\\/perseus.de\\\/magazine\\\/#primaryimage\"},\"thumbnailUrl\":\"https:\\\/\\\/perseus.de\\\/wp-content\\\/uploads\\\/2025\\\/04\\\/Headerbild-Blog-Page.png\",\"datePublished\":\"2026-02-21T13:24:34+00:00\",\"dateModified\":\"2026-04-02T14:28:37+00:00\",\"description\":\"D\u00e9couvrez les derni\u00e8res connaissances en cybers\u00e9curit\u00e9 pour les PME \u2013 conseils, exemples de dommages et informations de contexte en un coup d\u2019\u0153il.\",\"breadcrumb\":{\"@id\":\"https:\\\/\\\/perseus.de\\\/magazine\\\/#breadcrumb\"},\"inLanguage\":\"fr-FR\",\"potentialAction\":[{\"@type\":\"ReadAction\",\"target\":[\"https:\\\/\\\/perseus.de\\\/magazine\\\/\"]}]},{\"@type\":\"ImageObject\",\"inLanguage\":\"fr-FR\",\"@id\":\"https:\\\/\\\/perseus.de\\\/magazine\\\/#primaryimage\",\"url\":\"https:\\\/\\\/perseus.de\\\/wp-content\\\/uploads\\\/2025\\\/04\\\/Headerbild-Blog-Page.png\",\"contentUrl\":\"https:\\\/\\\/perseus.de\\\/wp-content\\\/uploads\\\/2025\\\/04\\\/Headerbild-Blog-Page.png\"},{\"@type\":\"BreadcrumbList\",\"@id\":\"https:\\\/\\\/perseus.de\\\/magazine\\\/#breadcrumb\",\"itemListElement\":[{\"@type\":\"ListItem\",\"position\":1,\"name\":\"Home\",\"item\":\"https:\\\/\\\/perseus.de\\\/\"},{\"@type\":\"ListItem\",\"position\":2,\"name\":\"Blog\"}]},{\"@type\":\"WebSite\",\"@id\":\"https:\\\/\\\/perseus.de\\\/#website\",\"url\":\"https:\\\/\\\/perseus.de\\\/\",\"name\":\"perseus-web.de\",\"description\":\"\",\"publisher\":{\"@id\":\"https:\\\/\\\/perseus.de\\\/#organization\"},\"potentialAction\":[{\"@type\":\"SearchAction\",\"target\":{\"@type\":\"EntryPoint\",\"urlTemplate\":\"https:\\\/\\\/perseus.de\\\/?s={search_term_string}\"},\"query-input\":{\"@type\":\"PropertyValueSpecification\",\"valueRequired\":true,\"valueName\":\"search_term_string\"}}],\"inLanguage\":\"fr-FR\"},{\"@type\":\"Organization\",\"@id\":\"https:\\\/\\\/perseus.de\\\/#organization\",\"name\":\"perseus-web.de\",\"url\":\"https:\\\/\\\/perseus.de\\\/\",\"logo\":{\"@type\":\"ImageObject\",\"inLanguage\":\"fr-FR\",\"@id\":\"https:\\\/\\\/perseus.de\\\/#\\\/schema\\\/logo\\\/image\\\/\",\"url\":\"https:\\\/\\\/perseus.de\\\/wp-content\\\/uploads\\\/2025\\\/03\\\/PerseusTechnologie_Color-2.png\",\"contentUrl\":\"https:\\\/\\\/perseus.de\\\/wp-content\\\/uploads\\\/2025\\\/03\\\/PerseusTechnologie_Color-2.png\",\"width\":536,\"height\":172,\"caption\":\"perseus-web.de\"},\"image\":{\"@id\":\"https:\\\/\\\/perseus.de\\\/#\\\/schema\\\/logo\\\/image\\\/\"}}]}<\/script>\n<!-- \/ Yoast SEO plugin. -->","yoast_head_json":{"title":"Connaissances en cybers\u00e9curit\u00e9 \u2013 compactes, compr\u00e9hensibles, \u00e0 jour","description":"D\u00e9couvrez les derni\u00e8res connaissances en cybers\u00e9curit\u00e9 pour les PME \u2013 conseils, exemples de dommages et informations de contexte en un coup d\u2019\u0153il.","robots":{"index":"index","follow":"follow","max-snippet":"max-snippet:-1","max-image-preview":"max-image-preview:large","max-video-preview":"max-video-preview:-1"},"canonical":"https:\/\/perseus.de\/magazine\/","og_locale":"fr_FR","og_type":"article","og_title":"Connaissances en cybers\u00e9curit\u00e9 \u2013 compactes, compr\u00e9hensibles, \u00e0 jour","og_description":"D\u00e9couvrez les derni\u00e8res connaissances en cybers\u00e9curit\u00e9 pour les PME \u2013 conseils, exemples de dommages et informations de contexte en un coup d\u2019\u0153il.","og_url":"https:\/\/perseus.de\/magazine\/","og_site_name":"Perseus Technologies","article_modified_time":"2026-04-02T14:28:37+00:00","og_image":[{"width":800,"height":800,"url":"https:\/\/perseus.de\/wp-content\/uploads\/2025\/04\/Headerbild-Blog-Page.png","type":"image\/png"}],"twitter_card":"summary_large_image","twitter_misc":{"Dur\u00e9e de lecture estim\u00e9e":"5 minutes"},"schema":{"@context":"https:\/\/schema.org","@graph":[{"@type":"WebPage","@id":"https:\/\/perseus.de\/magazine\/","url":"https:\/\/perseus.de\/magazine\/","name":"Connaissances en cybers\u00e9curit\u00e9 \u2013 compactes, compr\u00e9hensibles, \u00e0 jour","isPartOf":{"@id":"https:\/\/perseus.de\/#website"},"primaryImageOfPage":{"@id":"https:\/\/perseus.de\/magazine\/#primaryimage"},"image":{"@id":"https:\/\/perseus.de\/magazine\/#primaryimage"},"thumbnailUrl":"https:\/\/perseus.de\/wp-content\/uploads\/2025\/04\/Headerbild-Blog-Page.png","datePublished":"2026-02-21T13:24:34+00:00","dateModified":"2026-04-02T14:28:37+00:00","description":"D\u00e9couvrez les derni\u00e8res connaissances en cybers\u00e9curit\u00e9 pour les PME \u2013 conseils, exemples de dommages et informations de contexte en un coup d\u2019\u0153il.","breadcrumb":{"@id":"https:\/\/perseus.de\/magazine\/#breadcrumb"},"inLanguage":"fr-FR","potentialAction":[{"@type":"ReadAction","target":["https:\/\/perseus.de\/magazine\/"]}]},{"@type":"ImageObject","inLanguage":"fr-FR","@id":"https:\/\/perseus.de\/magazine\/#primaryimage","url":"https:\/\/perseus.de\/wp-content\/uploads\/2025\/04\/Headerbild-Blog-Page.png","contentUrl":"https:\/\/perseus.de\/wp-content\/uploads\/2025\/04\/Headerbild-Blog-Page.png"},{"@type":"BreadcrumbList","@id":"https:\/\/perseus.de\/magazine\/#breadcrumb","itemListElement":[{"@type":"ListItem","position":1,"name":"Home","item":"https:\/\/perseus.de\/"},{"@type":"ListItem","position":2,"name":"Blog"}]},{"@type":"WebSite","@id":"https:\/\/perseus.de\/#website","url":"https:\/\/perseus.de\/","name":"perseus-web.de","description":"","publisher":{"@id":"https:\/\/perseus.de\/#organization"},"potentialAction":[{"@type":"SearchAction","target":{"@type":"EntryPoint","urlTemplate":"https:\/\/perseus.de\/?s={search_term_string}"},"query-input":{"@type":"PropertyValueSpecification","valueRequired":true,"valueName":"search_term_string"}}],"inLanguage":"fr-FR"},{"@type":"Organization","@id":"https:\/\/perseus.de\/#organization","name":"perseus-web.de","url":"https:\/\/perseus.de\/","logo":{"@type":"ImageObject","inLanguage":"fr-FR","@id":"https:\/\/perseus.de\/#\/schema\/logo\/image\/","url":"https:\/\/perseus.de\/wp-content\/uploads\/2025\/03\/PerseusTechnologie_Color-2.png","contentUrl":"https:\/\/perseus.de\/wp-content\/uploads\/2025\/03\/PerseusTechnologie_Color-2.png","width":536,"height":172,"caption":"perseus-web.de"},"image":{"@id":"https:\/\/perseus.de\/#\/schema\/logo\/image\/"}}]}},"_links":{"self":[{"href":"https:\/\/perseus.de\/fr\/wp-json\/wp\/v2\/pages\/28314","targetHints":{"allow":["GET"]}}],"collection":[{"href":"https:\/\/perseus.de\/fr\/wp-json\/wp\/v2\/pages"}],"about":[{"href":"https:\/\/perseus.de\/fr\/wp-json\/wp\/v2\/types\/page"}],"author":[{"embeddable":true,"href":"https:\/\/perseus.de\/fr\/wp-json\/wp\/v2\/users\/6"}],"replies":[{"embeddable":true,"href":"https:\/\/perseus.de\/fr\/wp-json\/wp\/v2\/comments?post=28314"}],"version-history":[{"count":4,"href":"https:\/\/perseus.de\/fr\/wp-json\/wp\/v2\/pages\/28314\/revisions"}],"predecessor-version":[{"id":28327,"href":"https:\/\/perseus.de\/fr\/wp-json\/wp\/v2\/pages\/28314\/revisions\/28327"}],"wp:attachment":[{"href":"https:\/\/perseus.de\/fr\/wp-json\/wp\/v2\/media?parent=28314"}],"curies":[{"name":"wp","href":"https:\/\/api.w.org\/{rel}","templated":true}]}}