{"id":28378,"date":"2026-02-21T17:49:19","date_gmt":"2026-02-21T16:49:19","guid":{"rendered":"https:\/\/perseus.de\/guia\/"},"modified":"2026-04-02T17:12:39","modified_gmt":"2026-04-02T15:12:39","slug":"guias","status":"publish","type":"page","link":"https:\/\/perseus.de\/es\/guias\/","title":{"rendered":"Gu\u00edas"},"content":{"rendered":"\t\t<div data-elementor-type=\"wp-page\" data-elementor-id=\"28378\" class=\"elementor elementor-28378 elementor-25467\" data-elementor-post-type=\"page\">\n\t\t\t\t<div class=\"elementor-element elementor-element-ec52a39 e-flex e-con-boxed e-con e-parent\" data-id=\"ec52a39\" data-element_type=\"container\" data-e-type=\"container\" data-settings=\"{&quot;background_background&quot;:&quot;gradient&quot;}\">\n\t\t\t\t\t<div class=\"e-con-inner\">\n\t\t<div class=\"elementor-element elementor-element-d66c3e4 e-con-full e-flex e-con e-child\" data-id=\"d66c3e4\" data-element_type=\"container\" data-e-type=\"container\">\n\t\t\t\t<div class=\"elementor-element elementor-element-417aed6 elementor-widget elementor-widget-heading\" data-id=\"417aed6\" data-element_type=\"widget\" data-e-type=\"widget\" data-widget_type=\"heading.default\">\n\t\t\t\t<div class=\"elementor-widget-container\">\n\t\t\t\t\t<p class=\"elementor-heading-title elementor-size-default\">Datos interesantes sobre ciberseguridad, protecci\u00f3n de datos y mucho m\u00e1s<\/p>\t\t\t\t<\/div>\n\t\t\t\t<\/div>\n\t\t\t\t<div class=\"elementor-element elementor-element-c0dcf94 elementor-widget elementor-widget-heading\" data-id=\"c0dcf94\" data-element_type=\"widget\" data-e-type=\"widget\" data-widget_type=\"heading.default\">\n\t\t\t\t<div class=\"elementor-widget-container\">\n\t\t\t\t\t<h1 class=\"elementor-heading-title elementor-size-default\">Gu\u00edas<\/h1>\t\t\t\t<\/div>\n\t\t\t\t<\/div>\n\t\t\t\t<div class=\"elementor-element elementor-element-5c5ea04 elementor-widget elementor-widget-text-editor\" data-id=\"5c5ea04\" data-element_type=\"widget\" data-e-type=\"widget\" data-widget_type=\"text-editor.default\">\n\t\t\t\t<div class=\"elementor-widget-container\">\n\t\t\t\t\t\t\t\t\t<p data-start=\"105\" data-end=\"380\">Nuestras <strong data-start=\"112\" data-end=\"153\">gu\u00edas de ciberseguridad para pymes<\/strong> ofrecen consejos pr\u00e1cticos, instrucciones concretas y instrucciones comprensibles <strong data-start=\"218\" data-end=\"267\">sobre seguridad inform\u00e1tica y protecci\u00f3n de datos<\/strong>. Te mostraremos c\u00f3mo identificar y evitar los riesgos t\u00edpicos de seguridad y c\u00f3mo proteger tus sistemas a largo plazo. <\/p><p data-start=\"382\" data-end=\"588\">Desde medidas sencillas hasta conceptos de seguridad estructurados, recibir\u00e1s <strong data-start=\"466\" data-end=\"500\">recomendaciones directamente accionables<\/strong> que se adaptan espec\u00edficamente a las necesidades de las peque\u00f1as y medianas empresas.<\/p>\t\t\t\t\t\t\t\t<\/div>\n\t\t\t\t<\/div>\n\t\t\t\t<\/div>\n\t\t<div class=\"elementor-element elementor-element-7c46bcb e-con-full e-flex e-con e-child\" data-id=\"7c46bcb\" data-element_type=\"container\" data-e-type=\"container\">\n\t\t\t\t<div class=\"elementor-element elementor-element-26c4f1e elementor-widget elementor-widget-image\" data-id=\"26c4f1e\" data-element_type=\"widget\" data-e-type=\"widget\" data-widget_type=\"image.default\">\n\t\t\t\t<div class=\"elementor-widget-container\">\n\t\t\t\t\t\t\t\t\t\t\t\t\t\t\t<img fetchpriority=\"high\" decoding=\"async\" width=\"800\" height=\"799\" src=\"https:\/\/perseus.de\/wp-content\/uploads\/2025\/07\/Active-Dircetory-Check-Bild-Kachel.png\" class=\"attachment-large size-large wp-image-28377\" alt=\"Se lleva a cabo una comprobaci\u00f3n de Active Directory en un ordenador para identificar vulnerabilidades y derechos de usuario incorrectos en la infraestructura inform\u00e1tica.\" srcset=\"https:\/\/perseus.de\/wp-content\/uploads\/2025\/07\/Active-Dircetory-Check-Bild-Kachel.png 841w, https:\/\/perseus.de\/wp-content\/uploads\/2025\/07\/Active-Dircetory-Check-Bild-Kachel-300x300.png 300w, https:\/\/perseus.de\/wp-content\/uploads\/2025\/07\/Active-Dircetory-Check-Bild-Kachel-150x150.png 150w, https:\/\/perseus.de\/wp-content\/uploads\/2025\/07\/Active-Dircetory-Check-Bild-Kachel-768x767.png 768w\" sizes=\"(max-width: 800px) 100vw, 800px\" \/>\t\t\t\t\t\t\t\t\t\t\t\t\t\t\t<\/div>\n\t\t\t\t<\/div>\n\t\t\t\t<\/div>\n\t\t\t\t\t<\/div>\n\t\t\t\t<\/div>\n\t\t<div class=\"elementor-element elementor-element-0aaa61c e-flex e-con-boxed e-con e-parent\" data-id=\"0aaa61c\" data-element_type=\"container\" data-e-type=\"container\">\n\t\t\t\t\t<div class=\"e-con-inner\">\n\t\t\t\t\t<\/div>\n\t\t\t\t<\/div>\n\t\t<div class=\"elementor-element elementor-element-f65ed90 e-flex e-con-boxed e-con e-parent\" data-id=\"f65ed90\" data-element_type=\"container\" data-e-type=\"container\">\n\t\t\t\t\t<div class=\"e-con-inner\">\n\t\t\t\t<div class=\"elementor-element elementor-element-4ea969f elementor-widget-divider--view-line elementor-widget elementor-widget-divider\" data-id=\"4ea969f\" data-element_type=\"widget\" data-e-type=\"widget\" data-widget_type=\"divider.default\">\n\t\t\t\t<div class=\"elementor-widget-container\">\n\t\t\t\t\t\t\t<div class=\"elementor-divider\">\n\t\t\t<span class=\"elementor-divider-separator\">\n\t\t\t\t\t\t<\/span>\n\t\t<\/div>\n\t\t\t\t\t\t<\/div>\n\t\t\t\t<\/div>\n\t\t\t\t\t<\/div>\n\t\t\t\t<\/div>\n\t\t\t\t<\/div>\n\t\t","protected":false},"excerpt":{"rendered":"<p>Datos interesantes sobre ciberseguridad, protecci\u00f3n de datos y mucho m\u00e1s Gu\u00edas Nuestras gu\u00edas de ciberseguridad para pymes ofrecen consejos pr\u00e1cticos, instrucciones concretas y instrucciones comprensibles sobre seguridad inform\u00e1tica y protecci\u00f3n de datos. Te mostraremos c\u00f3mo identificar y evitar los riesgos t\u00edpicos de seguridad y c\u00f3mo proteger tus sistemas a largo plazo. Desde medidas sencillas hasta [&hellip;]<\/p>\n","protected":false},"author":6,"featured_media":0,"parent":0,"menu_order":0,"comment_status":"closed","ping_status":"closed","template":"","meta":{"_acf_changed":false,"footnotes":""},"class_list":["post-28378","page","type-page","status-publish","hentry"],"acf":[],"yoast_head":"<!-- This site is optimized with the Yoast SEO plugin v27.4 - https:\/\/yoast.com\/product\/yoast-seo-wordpress\/ -->\n<title>Conocimiento en ciberseguridad: compacto, comprensible, actualizado<\/title>\n<meta name=\"description\" content=\"Descubre los \u00faltimos conocimientos sobre ciberseguridad para pymes: consejos, ejemplos de da\u00f1os e informaci\u00f3n de fondo en un vistazo.\" \/>\n<meta name=\"robots\" content=\"index, follow, max-snippet:-1, max-image-preview:large, max-video-preview:-1\" \/>\n<link rel=\"canonical\" href=\"https:\/\/perseus.de\/es\/guias\/\" \/>\n<meta property=\"og:locale\" content=\"es_ES\" \/>\n<meta property=\"og:type\" content=\"article\" \/>\n<meta property=\"og:title\" content=\"Conocimiento en ciberseguridad: compacto, comprensible, actualizado\" \/>\n<meta property=\"og:description\" content=\"Descubre los \u00faltimos conocimientos sobre ciberseguridad para pymes: consejos, ejemplos de da\u00f1os e informaci\u00f3n de fondo en un vistazo.\" \/>\n<meta property=\"og:url\" content=\"https:\/\/perseus.de\/es\/guias\/\" \/>\n<meta property=\"og:site_name\" content=\"Perseus Technologies\" \/>\n<meta property=\"article:modified_time\" content=\"2026-04-02T15:12:39+00:00\" \/>\n<meta property=\"og:image\" content=\"https:\/\/perseus.de\/wp-content\/uploads\/2025\/07\/Active-Dircetory-Check-Bild-Kachel.png\" \/>\n\t<meta property=\"og:image:width\" content=\"841\" \/>\n\t<meta property=\"og:image:height\" content=\"840\" \/>\n\t<meta property=\"og:image:type\" content=\"image\/png\" \/>\n<meta name=\"twitter:card\" content=\"summary_large_image\" \/>\n<script type=\"application\/ld+json\" class=\"yoast-schema-graph\">{\"@context\":\"https:\\\/\\\/schema.org\",\"@graph\":[{\"@type\":\"WebPage\",\"@id\":\"https:\\\/\\\/perseus.de\\\/es\\\/guias\\\/\",\"url\":\"https:\\\/\\\/perseus.de\\\/es\\\/guias\\\/\",\"name\":\"Conocimiento en ciberseguridad: compacto, comprensible, actualizado\",\"isPartOf\":{\"@id\":\"https:\\\/\\\/perseus.de\\\/#website\"},\"primaryImageOfPage\":{\"@id\":\"https:\\\/\\\/perseus.de\\\/es\\\/guias\\\/#primaryimage\"},\"image\":{\"@id\":\"https:\\\/\\\/perseus.de\\\/es\\\/guias\\\/#primaryimage\"},\"thumbnailUrl\":\"https:\\\/\\\/perseus.de\\\/wp-content\\\/uploads\\\/2025\\\/07\\\/Active-Dircetory-Check-Bild-Kachel.png\",\"datePublished\":\"2026-02-21T16:49:19+00:00\",\"dateModified\":\"2026-04-02T15:12:39+00:00\",\"description\":\"Descubre los \u00faltimos conocimientos sobre ciberseguridad para pymes: consejos, ejemplos de da\u00f1os e informaci\u00f3n de fondo en un vistazo.\",\"breadcrumb\":{\"@id\":\"https:\\\/\\\/perseus.de\\\/es\\\/guias\\\/#breadcrumb\"},\"inLanguage\":\"es\",\"potentialAction\":[{\"@type\":\"ReadAction\",\"target\":[\"https:\\\/\\\/perseus.de\\\/es\\\/guias\\\/\"]}]},{\"@type\":\"ImageObject\",\"inLanguage\":\"es\",\"@id\":\"https:\\\/\\\/perseus.de\\\/es\\\/guias\\\/#primaryimage\",\"url\":\"https:\\\/\\\/perseus.de\\\/wp-content\\\/uploads\\\/2025\\\/07\\\/Active-Dircetory-Check-Bild-Kachel.png\",\"contentUrl\":\"https:\\\/\\\/perseus.de\\\/wp-content\\\/uploads\\\/2025\\\/07\\\/Active-Dircetory-Check-Bild-Kachel.png\"},{\"@type\":\"BreadcrumbList\",\"@id\":\"https:\\\/\\\/perseus.de\\\/es\\\/guias\\\/#breadcrumb\",\"itemListElement\":[{\"@type\":\"ListItem\",\"position\":1,\"name\":\"Home\",\"item\":\"https:\\\/\\\/perseus.de\\\/\"},{\"@type\":\"ListItem\",\"position\":2,\"name\":\"Gu\u00edas\"}]},{\"@type\":\"WebSite\",\"@id\":\"https:\\\/\\\/perseus.de\\\/#website\",\"url\":\"https:\\\/\\\/perseus.de\\\/\",\"name\":\"perseus-web.de\",\"description\":\"\",\"publisher\":{\"@id\":\"https:\\\/\\\/perseus.de\\\/#organization\"},\"potentialAction\":[{\"@type\":\"SearchAction\",\"target\":{\"@type\":\"EntryPoint\",\"urlTemplate\":\"https:\\\/\\\/perseus.de\\\/?s={search_term_string}\"},\"query-input\":{\"@type\":\"PropertyValueSpecification\",\"valueRequired\":true,\"valueName\":\"search_term_string\"}}],\"inLanguage\":\"es\"},{\"@type\":\"Organization\",\"@id\":\"https:\\\/\\\/perseus.de\\\/#organization\",\"name\":\"perseus-web.de\",\"url\":\"https:\\\/\\\/perseus.de\\\/\",\"logo\":{\"@type\":\"ImageObject\",\"inLanguage\":\"es\",\"@id\":\"https:\\\/\\\/perseus.de\\\/#\\\/schema\\\/logo\\\/image\\\/\",\"url\":\"https:\\\/\\\/perseus.de\\\/wp-content\\\/uploads\\\/2025\\\/03\\\/PerseusTechnologie_Color-2.png\",\"contentUrl\":\"https:\\\/\\\/perseus.de\\\/wp-content\\\/uploads\\\/2025\\\/03\\\/PerseusTechnologie_Color-2.png\",\"width\":536,\"height\":172,\"caption\":\"perseus-web.de\"},\"image\":{\"@id\":\"https:\\\/\\\/perseus.de\\\/#\\\/schema\\\/logo\\\/image\\\/\"}}]}<\/script>\n<!-- \/ Yoast SEO plugin. -->","yoast_head_json":{"title":"Conocimiento en ciberseguridad: compacto, comprensible, actualizado","description":"Descubre los \u00faltimos conocimientos sobre ciberseguridad para pymes: consejos, ejemplos de da\u00f1os e informaci\u00f3n de fondo en un vistazo.","robots":{"index":"index","follow":"follow","max-snippet":"max-snippet:-1","max-image-preview":"max-image-preview:large","max-video-preview":"max-video-preview:-1"},"canonical":"https:\/\/perseus.de\/es\/guias\/","og_locale":"es_ES","og_type":"article","og_title":"Conocimiento en ciberseguridad: compacto, comprensible, actualizado","og_description":"Descubre los \u00faltimos conocimientos sobre ciberseguridad para pymes: consejos, ejemplos de da\u00f1os e informaci\u00f3n de fondo en un vistazo.","og_url":"https:\/\/perseus.de\/es\/guias\/","og_site_name":"Perseus Technologies","article_modified_time":"2026-04-02T15:12:39+00:00","og_image":[{"width":841,"height":840,"url":"https:\/\/perseus.de\/wp-content\/uploads\/2025\/07\/Active-Dircetory-Check-Bild-Kachel.png","type":"image\/png"}],"twitter_card":"summary_large_image","schema":{"@context":"https:\/\/schema.org","@graph":[{"@type":"WebPage","@id":"https:\/\/perseus.de\/es\/guias\/","url":"https:\/\/perseus.de\/es\/guias\/","name":"Conocimiento en ciberseguridad: compacto, comprensible, actualizado","isPartOf":{"@id":"https:\/\/perseus.de\/#website"},"primaryImageOfPage":{"@id":"https:\/\/perseus.de\/es\/guias\/#primaryimage"},"image":{"@id":"https:\/\/perseus.de\/es\/guias\/#primaryimage"},"thumbnailUrl":"https:\/\/perseus.de\/wp-content\/uploads\/2025\/07\/Active-Dircetory-Check-Bild-Kachel.png","datePublished":"2026-02-21T16:49:19+00:00","dateModified":"2026-04-02T15:12:39+00:00","description":"Descubre los \u00faltimos conocimientos sobre ciberseguridad para pymes: consejos, ejemplos de da\u00f1os e informaci\u00f3n de fondo en un vistazo.","breadcrumb":{"@id":"https:\/\/perseus.de\/es\/guias\/#breadcrumb"},"inLanguage":"es","potentialAction":[{"@type":"ReadAction","target":["https:\/\/perseus.de\/es\/guias\/"]}]},{"@type":"ImageObject","inLanguage":"es","@id":"https:\/\/perseus.de\/es\/guias\/#primaryimage","url":"https:\/\/perseus.de\/wp-content\/uploads\/2025\/07\/Active-Dircetory-Check-Bild-Kachel.png","contentUrl":"https:\/\/perseus.de\/wp-content\/uploads\/2025\/07\/Active-Dircetory-Check-Bild-Kachel.png"},{"@type":"BreadcrumbList","@id":"https:\/\/perseus.de\/es\/guias\/#breadcrumb","itemListElement":[{"@type":"ListItem","position":1,"name":"Home","item":"https:\/\/perseus.de\/"},{"@type":"ListItem","position":2,"name":"Gu\u00edas"}]},{"@type":"WebSite","@id":"https:\/\/perseus.de\/#website","url":"https:\/\/perseus.de\/","name":"perseus-web.de","description":"","publisher":{"@id":"https:\/\/perseus.de\/#organization"},"potentialAction":[{"@type":"SearchAction","target":{"@type":"EntryPoint","urlTemplate":"https:\/\/perseus.de\/?s={search_term_string}"},"query-input":{"@type":"PropertyValueSpecification","valueRequired":true,"valueName":"search_term_string"}}],"inLanguage":"es"},{"@type":"Organization","@id":"https:\/\/perseus.de\/#organization","name":"perseus-web.de","url":"https:\/\/perseus.de\/","logo":{"@type":"ImageObject","inLanguage":"es","@id":"https:\/\/perseus.de\/#\/schema\/logo\/image\/","url":"https:\/\/perseus.de\/wp-content\/uploads\/2025\/03\/PerseusTechnologie_Color-2.png","contentUrl":"https:\/\/perseus.de\/wp-content\/uploads\/2025\/03\/PerseusTechnologie_Color-2.png","width":536,"height":172,"caption":"perseus-web.de"},"image":{"@id":"https:\/\/perseus.de\/#\/schema\/logo\/image\/"}}]}},"_links":{"self":[{"href":"https:\/\/perseus.de\/es\/wp-json\/wp\/v2\/pages\/28378","targetHints":{"allow":["GET"]}}],"collection":[{"href":"https:\/\/perseus.de\/es\/wp-json\/wp\/v2\/pages"}],"about":[{"href":"https:\/\/perseus.de\/es\/wp-json\/wp\/v2\/types\/page"}],"author":[{"embeddable":true,"href":"https:\/\/perseus.de\/es\/wp-json\/wp\/v2\/users\/6"}],"replies":[{"embeddable":true,"href":"https:\/\/perseus.de\/es\/wp-json\/wp\/v2\/comments?post=28378"}],"version-history":[{"count":6,"href":"https:\/\/perseus.de\/es\/wp-json\/wp\/v2\/pages\/28378\/revisions"}],"predecessor-version":[{"id":28397,"href":"https:\/\/perseus.de\/es\/wp-json\/wp\/v2\/pages\/28378\/revisions\/28397"}],"wp:attachment":[{"href":"https:\/\/perseus.de\/es\/wp-json\/wp\/v2\/media?parent=28378"}],"curies":[{"name":"wp","href":"https:\/\/api.w.org\/{rel}","templated":true}]}}