{"id":28338,"date":"2026-02-21T17:35:31","date_gmt":"2026-02-21T16:35:31","guid":{"rendered":"https:\/\/perseus.de\/estudios-de-caso\/"},"modified":"2026-04-02T16:58:22","modified_gmt":"2026-04-02T14:58:22","slug":"estudios-de-caso","status":"publish","type":"page","link":"https:\/\/perseus.de\/es\/estudios-de-caso\/","title":{"rendered":"Estudios de caso"},"content":{"rendered":"\t\t<div data-elementor-type=\"wp-page\" data-elementor-id=\"28338\" class=\"elementor elementor-28338 elementor-25457\" data-elementor-post-type=\"page\">\n\t\t\t\t<div class=\"elementor-element elementor-element-ec52a39 e-flex e-con-boxed e-con e-parent\" data-id=\"ec52a39\" data-element_type=\"container\" data-e-type=\"container\" data-settings=\"{&quot;background_background&quot;:&quot;gradient&quot;}\">\n\t\t\t\t\t<div class=\"e-con-inner\">\n\t\t<div class=\"elementor-element elementor-element-d66c3e4 e-con-full e-flex e-con e-child\" data-id=\"d66c3e4\" data-element_type=\"container\" data-e-type=\"container\">\n\t\t\t\t<div class=\"elementor-element elementor-element-417aed6 elementor-widget elementor-widget-heading\" data-id=\"417aed6\" data-element_type=\"widget\" data-e-type=\"widget\" data-widget_type=\"heading.default\">\n\t\t\t\t<div class=\"elementor-widget-container\">\n\t\t\t\t\t<p class=\"elementor-heading-title elementor-size-default\">Datos interesantes sobre ciberseguridad, protecci\u00f3n de datos y mucho m\u00e1s<\/p>\t\t\t\t<\/div>\n\t\t\t\t<\/div>\n\t\t\t\t<div class=\"elementor-element elementor-element-c0dcf94 elementor-widget elementor-widget-heading\" data-id=\"c0dcf94\" data-element_type=\"widget\" data-e-type=\"widget\" data-widget_type=\"heading.default\">\n\t\t\t\t<div class=\"elementor-widget-container\">\n\t\t\t\t\t<h1 class=\"elementor-heading-title elementor-size-default\">Estudios de caso<\/h1>\t\t\t\t<\/div>\n\t\t\t\t<\/div>\n\t\t\t\t<div class=\"elementor-element elementor-element-5c5ea04 elementor-widget elementor-widget-text-editor\" data-id=\"5c5ea04\" data-element_type=\"widget\" data-e-type=\"widget\" data-widget_type=\"text-editor.default\">\n\t\t\t\t<div class=\"elementor-widget-container\">\n\t\t\t\t\t\t\t\t\t<p data-start=\"1124\" data-end=\"1449\">Nuestros <strong data-start=\"1133\" data-end=\"1204\">casos de estudio en ciberseguridad y protecci\u00f3n de datos para PYMES<\/strong> muestran c\u00f3mo las empresas gestionan con \u00e9xito riesgos cibern\u00e9ticos reales. Descubra c\u00f3mo identificamos vulnerabilidades, implementamos medidas de seguridad efectivas y creamos soluciones integrales junto con <strong data-start=\"1414\" data-end=\"1448\">aseguradoras de ciberseguridad<\/strong>.<\/p><p data-start=\"1451\" data-end=\"1616\">A trav\u00e9s de ejemplos reales, obtendr\u00e1 informaci\u00f3n pr\u00e1ctica sobre <strong data-start=\"1516\" data-end=\"1583\">seguridad inform\u00e1tica, cumplimiento del RGPD y ciberresiliencia<\/strong>, clara y aplicable a su empresa.<\/p>\t\t\t\t\t\t\t\t<\/div>\n\t\t\t\t<\/div>\n\t\t\t\t<\/div>\n\t\t<div class=\"elementor-element elementor-element-7c46bcb e-con-full e-flex e-con e-child\" data-id=\"7c46bcb\" data-element_type=\"container\" data-e-type=\"container\">\n\t\t\t\t<div class=\"elementor-element elementor-element-26c4f1e elementor-widget elementor-widget-image\" data-id=\"26c4f1e\" data-element_type=\"widget\" data-e-type=\"widget\" data-widget_type=\"image.default\">\n\t\t\t\t<div class=\"elementor-widget-container\">\n\t\t\t\t\t\t\t\t\t\t\t\t\t\t\t<img fetchpriority=\"high\" decoding=\"async\" width=\"800\" height=\"800\" src=\"https:\/\/perseus.de\/wp-content\/uploads\/2025\/04\/Headerbild-Partner-Page-V3.png\" class=\"attachment-large size-large wp-image-28337\" alt=\"Hombre y mujer celebran la exitosa colaboraci\u00f3n en el \u00e1mbito de la seguridad inform\u00e1tica\" srcset=\"https:\/\/perseus.de\/wp-content\/uploads\/2025\/04\/Headerbild-Partner-Page-V3.png 800w, https:\/\/perseus.de\/wp-content\/uploads\/2025\/04\/Headerbild-Partner-Page-V3-300x300.png 300w, https:\/\/perseus.de\/wp-content\/uploads\/2025\/04\/Headerbild-Partner-Page-V3-150x150.png 150w, https:\/\/perseus.de\/wp-content\/uploads\/2025\/04\/Headerbild-Partner-Page-V3-768x768.png 768w\" sizes=\"(max-width: 800px) 100vw, 800px\" \/>\t\t\t\t\t\t\t\t\t\t\t\t\t\t\t<\/div>\n\t\t\t\t<\/div>\n\t\t\t\t<\/div>\n\t\t\t\t\t<\/div>\n\t\t\t\t<\/div>\n\t\t<div class=\"elementor-element elementor-element-0aaa61c e-flex e-con-boxed e-con e-parent\" data-id=\"0aaa61c\" data-element_type=\"container\" data-e-type=\"container\">\n\t\t\t\t\t<div class=\"e-con-inner\">\n\t\t\t\t\t<\/div>\n\t\t\t\t<\/div>\n\t\t<div class=\"elementor-element elementor-element-f65ed90 e-flex e-con-boxed e-con e-parent\" data-id=\"f65ed90\" data-element_type=\"container\" data-e-type=\"container\">\n\t\t\t\t\t<div class=\"e-con-inner\">\n\t\t\t\t<div class=\"elementor-element elementor-element-4ea969f elementor-widget-divider--view-line elementor-widget elementor-widget-divider\" data-id=\"4ea969f\" data-element_type=\"widget\" data-e-type=\"widget\" data-widget_type=\"divider.default\">\n\t\t\t\t<div class=\"elementor-widget-container\">\n\t\t\t\t\t\t\t<div class=\"elementor-divider\">\n\t\t\t<span class=\"elementor-divider-separator\">\n\t\t\t\t\t\t<\/span>\n\t\t<\/div>\n\t\t\t\t\t\t<\/div>\n\t\t\t\t<\/div>\n\t\t\t\t\t<\/div>\n\t\t\t\t<\/div>\n\t\t\t\t<\/div>\n\t\t","protected":false},"excerpt":{"rendered":"<p>Datos interesantes sobre ciberseguridad, protecci\u00f3n de datos y mucho m\u00e1s Estudios de caso Nuestros casos de estudio en ciberseguridad y protecci\u00f3n de datos para PYMES muestran c\u00f3mo las empresas gestionan con \u00e9xito riesgos cibern\u00e9ticos reales. Descubra c\u00f3mo identificamos vulnerabilidades, implementamos medidas de seguridad efectivas y creamos soluciones integrales junto con aseguradoras de ciberseguridad. A trav\u00e9s [&hellip;]<\/p>\n","protected":false},"author":6,"featured_media":0,"parent":0,"menu_order":0,"comment_status":"closed","ping_status":"closed","template":"","meta":{"_acf_changed":false,"footnotes":""},"class_list":["post-28338","page","type-page","status-publish","hentry"],"acf":[],"yoast_head":"<!-- This site is optimized with the Yoast SEO plugin v27.3 - https:\/\/yoast.com\/product\/yoast-seo-wordpress\/ -->\n<title>Conocimiento en ciberseguridad: compacto, comprensible, actualizado<\/title>\n<meta name=\"description\" content=\"Descubre los \u00faltimos conocimientos sobre ciberseguridad para pymes: consejos, ejemplos de da\u00f1os e informaci\u00f3n de fondo en un vistazo.\" \/>\n<meta name=\"robots\" content=\"index, follow, max-snippet:-1, max-image-preview:large, max-video-preview:-1\" \/>\n<link rel=\"canonical\" href=\"https:\/\/perseus.de\/fallstudien\/\" \/>\n<meta property=\"og:locale\" content=\"es_ES\" \/>\n<meta property=\"og:type\" content=\"article\" \/>\n<meta property=\"og:title\" content=\"Conocimiento en ciberseguridad: compacto, comprensible, actualizado\" \/>\n<meta property=\"og:description\" content=\"Descubre los \u00faltimos conocimientos sobre ciberseguridad para pymes: consejos, ejemplos de da\u00f1os e informaci\u00f3n de fondo en un vistazo.\" \/>\n<meta property=\"og:url\" content=\"https:\/\/perseus.de\/fallstudien\/\" \/>\n<meta property=\"og:site_name\" content=\"Perseus Technologies\" \/>\n<meta property=\"article:modified_time\" content=\"2026-04-02T14:58:22+00:00\" \/>\n<meta property=\"og:image\" content=\"https:\/\/perseus.de\/wp-content\/uploads\/2025\/04\/Headerbild-Partner-Page-V3.png\" \/>\n\t<meta property=\"og:image:width\" content=\"800\" \/>\n\t<meta property=\"og:image:height\" content=\"800\" \/>\n\t<meta property=\"og:image:type\" content=\"image\/png\" \/>\n<meta name=\"twitter:card\" content=\"summary_large_image\" \/>\n<meta name=\"twitter:label1\" content=\"Tiempo de lectura\" \/>\n\t<meta name=\"twitter:data1\" content=\"3 minutos\" \/>\n<script type=\"application\/ld+json\" class=\"yoast-schema-graph\">{\"@context\":\"https:\\\/\\\/schema.org\",\"@graph\":[{\"@type\":\"WebPage\",\"@id\":\"https:\\\/\\\/perseus.de\\\/fallstudien\\\/\",\"url\":\"https:\\\/\\\/perseus.de\\\/fallstudien\\\/\",\"name\":\"Conocimiento en ciberseguridad: compacto, comprensible, actualizado\",\"isPartOf\":{\"@id\":\"https:\\\/\\\/perseus.de\\\/#website\"},\"primaryImageOfPage\":{\"@id\":\"https:\\\/\\\/perseus.de\\\/fallstudien\\\/#primaryimage\"},\"image\":{\"@id\":\"https:\\\/\\\/perseus.de\\\/fallstudien\\\/#primaryimage\"},\"thumbnailUrl\":\"https:\\\/\\\/perseus.de\\\/wp-content\\\/uploads\\\/2025\\\/04\\\/Headerbild-Partner-Page-V3.png\",\"datePublished\":\"2026-02-21T16:35:31+00:00\",\"dateModified\":\"2026-04-02T14:58:22+00:00\",\"description\":\"Descubre los \u00faltimos conocimientos sobre ciberseguridad para pymes: consejos, ejemplos de da\u00f1os e informaci\u00f3n de fondo en un vistazo.\",\"breadcrumb\":{\"@id\":\"https:\\\/\\\/perseus.de\\\/fallstudien\\\/#breadcrumb\"},\"inLanguage\":\"es\",\"potentialAction\":[{\"@type\":\"ReadAction\",\"target\":[\"https:\\\/\\\/perseus.de\\\/fallstudien\\\/\"]}]},{\"@type\":\"ImageObject\",\"inLanguage\":\"es\",\"@id\":\"https:\\\/\\\/perseus.de\\\/fallstudien\\\/#primaryimage\",\"url\":\"https:\\\/\\\/perseus.de\\\/wp-content\\\/uploads\\\/2025\\\/04\\\/Headerbild-Partner-Page-V3.png\",\"contentUrl\":\"https:\\\/\\\/perseus.de\\\/wp-content\\\/uploads\\\/2025\\\/04\\\/Headerbild-Partner-Page-V3.png\"},{\"@type\":\"BreadcrumbList\",\"@id\":\"https:\\\/\\\/perseus.de\\\/fallstudien\\\/#breadcrumb\",\"itemListElement\":[{\"@type\":\"ListItem\",\"position\":1,\"name\":\"Home\",\"item\":\"https:\\\/\\\/perseus.de\\\/\"},{\"@type\":\"ListItem\",\"position\":2,\"name\":\"Estudios de caso\"}]},{\"@type\":\"WebSite\",\"@id\":\"https:\\\/\\\/perseus.de\\\/#website\",\"url\":\"https:\\\/\\\/perseus.de\\\/\",\"name\":\"perseus-web.de\",\"description\":\"\",\"publisher\":{\"@id\":\"https:\\\/\\\/perseus.de\\\/#organization\"},\"potentialAction\":[{\"@type\":\"SearchAction\",\"target\":{\"@type\":\"EntryPoint\",\"urlTemplate\":\"https:\\\/\\\/perseus.de\\\/?s={search_term_string}\"},\"query-input\":{\"@type\":\"PropertyValueSpecification\",\"valueRequired\":true,\"valueName\":\"search_term_string\"}}],\"inLanguage\":\"es\"},{\"@type\":\"Organization\",\"@id\":\"https:\\\/\\\/perseus.de\\\/#organization\",\"name\":\"perseus-web.de\",\"url\":\"https:\\\/\\\/perseus.de\\\/\",\"logo\":{\"@type\":\"ImageObject\",\"inLanguage\":\"es\",\"@id\":\"https:\\\/\\\/perseus.de\\\/#\\\/schema\\\/logo\\\/image\\\/\",\"url\":\"https:\\\/\\\/perseus.de\\\/wp-content\\\/uploads\\\/2025\\\/03\\\/PerseusTechnologie_Color-2.png\",\"contentUrl\":\"https:\\\/\\\/perseus.de\\\/wp-content\\\/uploads\\\/2025\\\/03\\\/PerseusTechnologie_Color-2.png\",\"width\":536,\"height\":172,\"caption\":\"perseus-web.de\"},\"image\":{\"@id\":\"https:\\\/\\\/perseus.de\\\/#\\\/schema\\\/logo\\\/image\\\/\"}}]}<\/script>\n<!-- \/ Yoast SEO plugin. -->","yoast_head_json":{"title":"Conocimiento en ciberseguridad: compacto, comprensible, actualizado","description":"Descubre los \u00faltimos conocimientos sobre ciberseguridad para pymes: consejos, ejemplos de da\u00f1os e informaci\u00f3n de fondo en un vistazo.","robots":{"index":"index","follow":"follow","max-snippet":"max-snippet:-1","max-image-preview":"max-image-preview:large","max-video-preview":"max-video-preview:-1"},"canonical":"https:\/\/perseus.de\/fallstudien\/","og_locale":"es_ES","og_type":"article","og_title":"Conocimiento en ciberseguridad: compacto, comprensible, actualizado","og_description":"Descubre los \u00faltimos conocimientos sobre ciberseguridad para pymes: consejos, ejemplos de da\u00f1os e informaci\u00f3n de fondo en un vistazo.","og_url":"https:\/\/perseus.de\/fallstudien\/","og_site_name":"Perseus Technologies","article_modified_time":"2026-04-02T14:58:22+00:00","og_image":[{"width":800,"height":800,"url":"https:\/\/perseus.de\/wp-content\/uploads\/2025\/04\/Headerbild-Partner-Page-V3.png","type":"image\/png"}],"twitter_card":"summary_large_image","twitter_misc":{"Tiempo de lectura":"3 minutos"},"schema":{"@context":"https:\/\/schema.org","@graph":[{"@type":"WebPage","@id":"https:\/\/perseus.de\/fallstudien\/","url":"https:\/\/perseus.de\/fallstudien\/","name":"Conocimiento en ciberseguridad: compacto, comprensible, actualizado","isPartOf":{"@id":"https:\/\/perseus.de\/#website"},"primaryImageOfPage":{"@id":"https:\/\/perseus.de\/fallstudien\/#primaryimage"},"image":{"@id":"https:\/\/perseus.de\/fallstudien\/#primaryimage"},"thumbnailUrl":"https:\/\/perseus.de\/wp-content\/uploads\/2025\/04\/Headerbild-Partner-Page-V3.png","datePublished":"2026-02-21T16:35:31+00:00","dateModified":"2026-04-02T14:58:22+00:00","description":"Descubre los \u00faltimos conocimientos sobre ciberseguridad para pymes: consejos, ejemplos de da\u00f1os e informaci\u00f3n de fondo en un vistazo.","breadcrumb":{"@id":"https:\/\/perseus.de\/fallstudien\/#breadcrumb"},"inLanguage":"es","potentialAction":[{"@type":"ReadAction","target":["https:\/\/perseus.de\/fallstudien\/"]}]},{"@type":"ImageObject","inLanguage":"es","@id":"https:\/\/perseus.de\/fallstudien\/#primaryimage","url":"https:\/\/perseus.de\/wp-content\/uploads\/2025\/04\/Headerbild-Partner-Page-V3.png","contentUrl":"https:\/\/perseus.de\/wp-content\/uploads\/2025\/04\/Headerbild-Partner-Page-V3.png"},{"@type":"BreadcrumbList","@id":"https:\/\/perseus.de\/fallstudien\/#breadcrumb","itemListElement":[{"@type":"ListItem","position":1,"name":"Home","item":"https:\/\/perseus.de\/"},{"@type":"ListItem","position":2,"name":"Estudios de caso"}]},{"@type":"WebSite","@id":"https:\/\/perseus.de\/#website","url":"https:\/\/perseus.de\/","name":"perseus-web.de","description":"","publisher":{"@id":"https:\/\/perseus.de\/#organization"},"potentialAction":[{"@type":"SearchAction","target":{"@type":"EntryPoint","urlTemplate":"https:\/\/perseus.de\/?s={search_term_string}"},"query-input":{"@type":"PropertyValueSpecification","valueRequired":true,"valueName":"search_term_string"}}],"inLanguage":"es"},{"@type":"Organization","@id":"https:\/\/perseus.de\/#organization","name":"perseus-web.de","url":"https:\/\/perseus.de\/","logo":{"@type":"ImageObject","inLanguage":"es","@id":"https:\/\/perseus.de\/#\/schema\/logo\/image\/","url":"https:\/\/perseus.de\/wp-content\/uploads\/2025\/03\/PerseusTechnologie_Color-2.png","contentUrl":"https:\/\/perseus.de\/wp-content\/uploads\/2025\/03\/PerseusTechnologie_Color-2.png","width":536,"height":172,"caption":"perseus-web.de"},"image":{"@id":"https:\/\/perseus.de\/#\/schema\/logo\/image\/"}}]}},"_links":{"self":[{"href":"https:\/\/perseus.de\/es\/wp-json\/wp\/v2\/pages\/28338","targetHints":{"allow":["GET"]}}],"collection":[{"href":"https:\/\/perseus.de\/es\/wp-json\/wp\/v2\/pages"}],"about":[{"href":"https:\/\/perseus.de\/es\/wp-json\/wp\/v2\/types\/page"}],"author":[{"embeddable":true,"href":"https:\/\/perseus.de\/es\/wp-json\/wp\/v2\/users\/6"}],"replies":[{"embeddable":true,"href":"https:\/\/perseus.de\/es\/wp-json\/wp\/v2\/comments?post=28338"}],"version-history":[{"count":4,"href":"https:\/\/perseus.de\/es\/wp-json\/wp\/v2\/pages\/28338\/revisions"}],"predecessor-version":[{"id":28351,"href":"https:\/\/perseus.de\/es\/wp-json\/wp\/v2\/pages\/28338\/revisions\/28351"}],"wp:attachment":[{"href":"https:\/\/perseus.de\/es\/wp-json\/wp\/v2\/media?parent=28338"}],"curies":[{"name":"wp","href":"https:\/\/api.w.org\/{rel}","templated":true}]}}